{"id":368,"date":"2022-04-28T20:16:08","date_gmt":"2022-04-28T20:16:08","guid":{"rendered":"https:\/\/smartsolution.rs\/?page_id=368"},"modified":"2023-02-07T20:56:41","modified_gmt":"2023-02-07T20:56:41","slug":"o-nama","status":"publish","type":"page","link":"https:\/\/seshome.me\/en\/o-nama\/","title":{"rendered":"About us"},"content":{"rendered":"<p>[et_pb_section fb_built=&#8221;1&#8243; _builder_version=&#8221;4.17.1&#8243; _module_preset=&#8221;default&#8221; background_color=&#8221;#f3f3f3&#8243; custom_margin_tablet=&#8221;-45px||||false|false&#8221; custom_margin_phone=&#8221;-50px||||false|false&#8221; custom_margin_last_edited=&#8221;on|desktop&#8221; global_colors_info=&#8221;{}&#8221;][et_pb_row _builder_version=&#8221;4.17.1&#8243; _module_preset=&#8221;default&#8221; width_tablet=&#8221;&#8221; width_phone=&#8221;95%&#8221; width_last_edited=&#8221;on|desktop&#8221; max_width=&#8221;1200px&#8221; module_alignment=&#8221;center&#8221; locked=&#8221;off&#8221; global_colors_info=&#8221;{}&#8221;][et_pb_column type=&#8221;4_4&#8243; _builder_version=&#8221;4.17.1&#8243; _module_preset=&#8221;default&#8221; global_colors_info=&#8221;{}&#8221;][et_pb_text _builder_version=&#8221;4.17.1&#8243; _module_preset=&#8221;default&#8221; text_font=&#8221;Poppins|600|||||||&#8221; text_text_color=&#8221;#1f1c2f&#8221; text_font_size=&#8221;30px&#8221; text_line_height=&#8221;2.9em&#8221; header_font=&#8221;Poppins|600|||||||&#8221; header_text_color=&#8221;#1f1c2f&#8221; header_font_size=&#8221;50px&#8221; width_tablet=&#8221;&#8221; width_phone=&#8221;245px&#8221; width_last_edited=&#8221;on|phone&#8221; custom_margin_tablet=&#8221;|||-80px|false|false&#8221; custom_margin_phone=&#8221;|||-17px|false|false&#8221; custom_margin_last_edited=&#8221;on|phone&#8221; custom_padding=&#8221;|||60px|false|false&#8221; custom_padding_tablet=&#8221;|||60px|false|false&#8221; custom_padding_phone=&#8221;|||30px|false|false&#8221; custom_padding_last_edited=&#8221;on|phone&#8221; text_font_tablet=&#8221;Poppins|500|||||||&#8221; text_font_phone=&#8221;Poppins|500|||||||&#8221; text_font_last_edited=&#8221;on|tablet&#8221; text_font_size_tablet=&#8221;20px&#8221; text_font_size_phone=&#8221;20px&#8221; text_font_size_last_edited=&#8221;on|tablet&#8221; text_line_height_tablet=&#8221;2.9em&#8221; text_line_height_phone=&#8221;1.5em&#8221; text_line_height_last_edited=&#8221;on|phone&#8221; header_text_align_tablet=&#8221;&#8221; header_text_align_phone=&#8221;left&#8221; header_text_align_last_edited=&#8221;on|phone&#8221; header_font_size_tablet=&#8221;50px&#8221; header_font_size_phone=&#8221;30px&#8221; header_font_size_last_edited=&#8221;on|phone&#8221; global_colors_info=&#8221;{}&#8221;]<\/p>\n<h1>About us<\/h1>\n<p>\u201cJedina konstanta u \u017eivotu je promena\u201d<\/p>\n<p>[\/et_pb_text][\/et_pb_column][\/et_pb_row][et_pb_row column_structure=&#8221;1_2,1_2&#8243; _builder_version=&#8221;4.17.1&#8243; _module_preset=&#8221;default&#8221; width_tablet=&#8221;90%&#8221; width_phone=&#8221;90%&#8221; width_last_edited=&#8221;on|tablet&#8221; custom_margin_tablet=&#8221;&#8221; custom_margin_phone=&#8221;-25px||||false|false&#8221; custom_margin_last_edited=&#8221;on|phone&#8221; global_colors_info=&#8221;{}&#8221;][et_pb_column type=&#8221;1_2&#8243; _builder_version=&#8221;4.17.1&#8243; _module_preset=&#8221;default&#8221; global_colors_info=&#8221;{}&#8221;][et_pb_text _builder_version=&#8221;4.17.1&#8243; _module_preset=&#8221;default&#8221; text_font=&#8221;Poppins|300|||||||&#8221; text_text_color=&#8221;#1f1c2f&#8221; text_font_size=&#8221;20px&#8221; text_line_height=&#8221;1.5em&#8221; global_colors_info=&#8221;{}&#8221;]<\/p>\n<p>Kompanija \u201cSmart Engineering Solution\u201d izlazi u susret rastu\u0107im potrebama dinami\u010dnog tr\u017ei\u0161ta tehnologije koje \u0107e oblikovati budu\u0107nost \u017eivljenja i poslovanja i pru\u017ea Vam nova, savremena i efikasnija re\u0161enja zbog kojih \u0107ete se u svakom trenutku ose\u0107ati sigurnije i ima\u0107ete vi\u0161e vremena za u\u017eivanje i miran san.<br \/>The application of the product is adaptable to every interior and exterior, to all aspects of your life and is not only a matter of trend or prestige, but also an initiator of changes without which you will soon be unable to imagine your day!<\/p>\n<p>[\/et_pb_text][\/et_pb_column][et_pb_column type=&#8221;1_2&#8243; _builder_version=&#8221;4.17.1&#8243; _module_preset=&#8221;default&#8221; global_colors_info=&#8221;{}&#8221;][et_pb_image src=&#8221;https:\/\/seshome.me\/wp-content\/uploads\/2022\/09\/douglas-sheppard.jpg&#8221; title_text=&#8221;douglas-sheppard&#8221; show_bottom_space_tablet=&#8221;off&#8221; show_bottom_space_phone=&#8221;off&#8221; show_bottom_space_last_edited=&#8221;on|tablet&#8221; align_tablet=&#8221;center&#8221; align_phone=&#8221;center&#8221; align_last_edited=&#8221;on|phone&#8221; _builder_version=&#8221;4.17.1&#8243; _module_preset=&#8221;default&#8221; width=&#8221;531px&#8221; width_tablet=&#8221;100%&#8221; width_phone=&#8221;100%&#8221; width_last_edited=&#8221;on|tablet&#8221; module_alignment=&#8221;center&#8221; height=&#8221;360px&#8221; height_tablet=&#8221;405px&#8221; height_phone=&#8221;100%&#8221; height_last_edited=&#8221;on|tablet&#8221; border_radii=&#8221;on|12px|12px|12px|12px&#8221; global_colors_info=&#8221;{}&#8221;][\/et_pb_image][\/et_pb_column][\/et_pb_row][et_pb_row column_structure=&#8221;1_2,1_2&#8243; _builder_version=&#8221;4.17.1&#8243; _module_preset=&#8221;default&#8221; width_tablet=&#8221;90%&#8221; width_phone=&#8221;90%&#8221; width_last_edited=&#8221;on|tablet&#8221; custom_margin=&#8221;15px||||false|false&#8221; custom_margin_tablet=&#8221;15px||||false|false&#8221; custom_margin_phone=&#8221;-50px||||false|false&#8221; custom_margin_last_edited=&#8221;on|tablet&#8221; global_colors_info=&#8221;{}&#8221;][et_pb_column type=&#8221;1_2&#8243; _builder_version=&#8221;4.17.1&#8243; _module_preset=&#8221;default&#8221; global_colors_info=&#8221;{}&#8221;][et_pb_image src=&#8221;https:\/\/seshome.me\/wp-content\/uploads\/2022\/09\/brian-babb.jpg&#8221; title_text=&#8221;brian-babb&#8221; disabled_on=&#8221;on|on|off&#8221; _builder_version=&#8221;4.17.1&#8243; _module_preset=&#8221;default&#8221; width=&#8221;525px&#8221; height=&#8221;480px&#8221; border_radii=&#8221;on|12px|12px|12px|12px&#8221; global_colors_info=&#8221;{}&#8221;][\/et_pb_image][\/et_pb_column][et_pb_column type=&#8221;1_2&#8243; _builder_version=&#8221;4.17.1&#8243; _module_preset=&#8221;default&#8221; global_colors_info=&#8221;{}&#8221;][et_pb_text _builder_version=&#8221;4.17.1&#8243; _module_preset=&#8221;default&#8221; text_font=&#8221;Poppins|300|||||||&#8221; text_text_color=&#8221;#1f1c2f&#8221; text_font_size=&#8221;20px&#8221; text_line_height=&#8221;1.5em&#8221; global_colors_info=&#8221;{}&#8221;]U vremenu rastu\u0107ih potreba, tehnologija igra zna\u010dajnu ulogu i zato Vam \u201cSmart Engineering Solution\u201d ne nudi savr\u0161eno re\u0161enje, ve\u0107 mogu\u0107nost da ga kreirate sami! Kreirajte savr\u0161en dizajn koji c\u0301e se uklopiti u svaki prostor, u\u0161tedite energiju, kontroli\u0161ite bezbednost svog stambenog i poslovnog prostora, pazite na svoju decu kada niste kod kuc\u0301e sa moguc\u0301no\u0161c\u0301u daljinskog upravljanja, automatizacije i pode\u0161avanja rasporeda\/tajmera, koristec\u0301i besplatna aplikacija za sve operativne sisteme Android i iOS i sve to dok ste u kancelariji ili se opu\u0161tate na pla\u017ei\u2026<\/p>\n<p>Za\u0161to oklevati sa preduzimanjem akcije?<\/p>\n<p>Jednostavni proizvodi, jednostavna aplikacija, jednostavno povezivanje ure\u0111aja[\/et_pb_text][et_pb_image src=&#8221;https:\/\/seshome.me\/wp-content\/uploads\/2022\/09\/brian-babb.jpg&#8221; title_text=&#8221;brian-babb&#8221; align_tablet=&#8221;center&#8221; align_phone=&#8221;center&#8221; align_last_edited=&#8221;on|tablet&#8221; disabled_on=&#8221;off|off|on&#8221; _builder_version=&#8221;4.17.1&#8243; _module_preset=&#8221;default&#8221; width=&#8221;525px&#8221; width_tablet=&#8221;100%&#8221; width_phone=&#8221;100%&#8221; width_last_edited=&#8221;on|tablet&#8221; module_alignment=&#8221;center&#8221; height=&#8221;480px&#8221; height_tablet=&#8221;480px&#8221; height_phone=&#8221;&#8221; height_last_edited=&#8221;on|phone&#8221; max_height=&#8221;480px&#8221; border_radii=&#8221;on|12px|12px|12px|12px&#8221; global_colors_info=&#8221;{}&#8221;][\/et_pb_image][\/et_pb_column][\/et_pb_row][et_pb_row _builder_version=&#8221;4.17.1&#8243; _module_preset=&#8221;default&#8221; custom_margin=&#8221;15px||||false|false&#8221; global_colors_info=&#8221;{}&#8221;][et_pb_column type=&#8221;4_4&#8243; _builder_version=&#8221;4.17.1&#8243; _module_preset=&#8221;default&#8221; global_colors_info=&#8221;{}&#8221;][et_pb_text _builder_version=&#8221;4.17.1&#8243; _module_preset=&#8221;default&#8221; header_2_font=&#8221;Poppins|600|||||||&#8221; width_tablet=&#8221;&#8221; width_phone=&#8221;318px&#8221; width_last_edited=&#8221;on|phone&#8221; header_2_font_size_tablet=&#8221;&#8221; header_2_font_size_phone=&#8221;30px&#8221; header_2_font_size_last_edited=&#8221;on|phone&#8221; header_2_line_height_tablet=&#8221;&#8221; header_2_line_height_phone=&#8221;1.4em&#8221; header_2_line_height_last_edited=&#8221;on|phone&#8221; global_colors_info=&#8221;{}&#8221;]<\/p>\n<h2>Zakora\u010dite u novi svet u tri laka koraka:<\/h2>\n<p>[\/et_pb_text][\/et_pb_column][\/et_pb_row][et_pb_row column_structure=&#8221;1_5,1_5,1_5,1_5,1_5&#8243; use_custom_gutter=&#8221;on&#8221; make_equal=&#8221;on&#8221; _builder_version=&#8221;4.17.1&#8243; _module_preset=&#8221;default&#8221; max_width=&#8221;1100px&#8221; global_colors_info=&#8221;{}&#8221;][et_pb_column type=&#8221;1_5&#8243; _builder_version=&#8221;4.17.1&#8243; _module_preset=&#8221;default&#8221; global_colors_info=&#8221;{}&#8221;][et_pb_image src=&#8221;https:\/\/seshome.me\/wp-content\/uploads\/2022\/09\/image-11.png&#8221; title_text=&#8221;image 11&#8243; align_tablet=&#8221;&#8221; align_phone=&#8221;center&#8221; align_last_edited=&#8221;on|phone&#8221; _builder_version=&#8221;4.17.1&#8243; _module_preset=&#8221;default&#8221; width=&#8221;244px&#8221; height=&#8221;256px&#8221; global_colors_info=&#8221;{}&#8221;][\/et_pb_image][et_pb_text _builder_version=&#8221;4.17.1&#8243; _module_preset=&#8221;default&#8221; text_font=&#8221;Poppins||||||||&#8221; text_text_color=&#8221;#1f1c2f&#8221; width=&#8221;244px&#8221; custom_margin=&#8221;-10px|0px|||false|false&#8221; custom_margin_tablet=&#8221;-10px|0px|||false|false&#8221; custom_margin_phone=&#8221;|||45px|false|false&#8221; custom_margin_last_edited=&#8221;on|phone&#8221; custom_padding=&#8221;||||false|false&#8221; global_colors_info=&#8221;{}&#8221;]<\/p>\n<p style=\"text-align: center;\">1. Preuzmite aplikaciju<\/p>\n<p>[\/et_pb_text][\/et_pb_column][et_pb_column type=&#8221;1_5&#8243; _builder_version=&#8221;4.17.1&#8243; _module_preset=&#8221;default&#8221; global_colors_info=&#8221;{}&#8221;][et_pb_image src=&#8221;https:\/\/seshome.me\/wp-content\/uploads\/2022\/09\/image-11-1.png&#8221; title_text=&#8221;image 11&#8243; align_tablet=&#8221;&#8221; align_phone=&#8221;center&#8221; align_last_edited=&#8221;on|phone&#8221; disabled_on=&#8221;on|off|on&#8221; _builder_version=&#8221;4.17.1&#8243; _module_preset=&#8221;default&#8221; width=&#8221;244px&#8221; height=&#8221;256px&#8221; global_colors_info=&#8221;{}&#8221;][\/et_pb_image][et_pb_text disabled_on=&#8221;on|off|on&#8221; _builder_version=&#8221;4.17.1&#8243; _module_preset=&#8221;default&#8221; text_font=&#8221;Poppins||||||||&#8221; text_text_color=&#8221;#1f1c2f&#8221; width=&#8221;244px&#8221; custom_margin=&#8221;-10px|0px|||false|false&#8221; custom_margin_tablet=&#8221;-10px|0px|||false|false&#8221; custom_margin_phone=&#8221;|||45px|false|false&#8221; custom_margin_last_edited=&#8221;on|phone&#8221; custom_padding=&#8221;||||false|false&#8221; global_colors_info=&#8221;{}&#8221;]<\/p>\n<p style=\"text-align: center;\">2. Uklju\u010dite ure\u0111aj<\/p>\n<p>[\/et_pb_text][et_pb_icon font_icon=&#8221;&#x22;||divi||400&#8243; icon_color=&#8221;#1f1c2f&#8221; icon_width=&#8221;36px&#8221; disabled_on=&#8221;off|on|on&#8221; _builder_version=&#8221;4.17.1&#8243; _module_preset=&#8221;default&#8221; custom_margin=&#8221;15px||15px||true|false&#8221; global_colors_info=&#8221;{}&#8221;][\/et_pb_icon][et_pb_icon font_icon=&#8221;&#x24;||divi||400&#8243; icon_color=&#8221;#1f1c2f&#8221; icon_width=&#8221;36px&#8221; disabled_on=&#8221;on|on|off&#8221; _builder_version=&#8221;4.17.1&#8243; _module_preset=&#8221;default&#8221; custom_margin=&#8221;100px|0px|100px|80px|true|false&#8221; global_colors_info=&#8221;{}&#8221;][\/et_pb_icon][\/et_pb_column][et_pb_column type=&#8221;1_5&#8243; _builder_version=&#8221;4.17.1&#8243; _module_preset=&#8221;default&#8221; global_colors_info=&#8221;{}&#8221;][et_pb_image src=&#8221;https:\/\/seshome.me\/wp-content\/uploads\/2022\/09\/image-11-1.png&#8221; title_text=&#8221;image 11&#8243; align_tablet=&#8221;&#8221; align_phone=&#8221;center&#8221; align_last_edited=&#8221;on|phone&#8221; disabled_on=&#8221;off|on|off&#8221; _builder_version=&#8221;4.17.1&#8243; _module_preset=&#8221;default&#8221; width=&#8221;244px&#8221; height=&#8221;256px&#8221; global_colors_info=&#8221;{}&#8221;][\/et_pb_image][et_pb_text disabled_on=&#8221;off|on|off&#8221; _builder_version=&#8221;4.17.1&#8243; _module_preset=&#8221;default&#8221; text_font=&#8221;Poppins||||||||&#8221; text_text_color=&#8221;#1f1c2f&#8221; width=&#8221;244px&#8221; custom_margin=&#8221;-10px|0px|||false|false&#8221; custom_margin_tablet=&#8221;-10px|0px|||false|false&#8221; custom_margin_phone=&#8221;|||45px|false|false&#8221; custom_margin_last_edited=&#8221;on|phone&#8221; custom_padding=&#8221;||||false|false&#8221; global_colors_info=&#8221;{}&#8221;]<\/p>\n<p style=\"text-align: center;\">2. Uklju\u010dite ure\u0111aj<\/p>\n<p>[\/et_pb_text][\/et_pb_column][et_pb_column type=&#8221;1_5&#8243; _builder_version=&#8221;4.17.1&#8243; _module_preset=&#8221;default&#8221; global_colors_info=&#8221;{}&#8221;][et_pb_icon font_icon=&#8221;&#x22;||divi||400&#8243; icon_color=&#8221;#1f1c2f&#8221; icon_width=&#8221;36px&#8221; disabled_on=&#8221;off|on|on&#8221; _builder_version=&#8221;4.17.1&#8243; _module_preset=&#8221;default&#8221; custom_margin=&#8221;15px||15px||true|false&#8221; global_colors_info=&#8221;{}&#8221;][\/et_pb_icon][et_pb_icon font_icon=&#8221;&#x24;||divi||400&#8243; icon_color=&#8221;#1f1c2f&#8221; icon_width=&#8221;36px&#8221; disabled_on=&#8221;on|on|off&#8221; _builder_version=&#8221;4.17.1&#8243; _module_preset=&#8221;default&#8221; custom_margin=&#8221;100px|0px|100px|80px|true|false&#8221; global_colors_info=&#8221;{}&#8221;][\/et_pb_icon][\/et_pb_column][et_pb_column type=&#8221;1_5&#8243; _builder_version=&#8221;4.17.1&#8243; _module_preset=&#8221;default&#8221; global_colors_info=&#8221;{}&#8221;][et_pb_image src=&#8221;https:\/\/seshome.me\/wp-content\/uploads\/2022\/09\/image-11-2.png&#8221; title_text=&#8221;image 11&#8243; align_tablet=&#8221;&#8221; align_phone=&#8221;center&#8221; align_last_edited=&#8221;on|phone&#8221; _builder_version=&#8221;4.17.1&#8243; _module_preset=&#8221;default&#8221; width=&#8221;244px&#8221; height=&#8221;256px&#8221; global_colors_info=&#8221;{}&#8221;][\/et_pb_image][et_pb_text _builder_version=&#8221;4.17.1&#8243; _module_preset=&#8221;default&#8221; text_font=&#8221;Poppins||||||||&#8221; text_text_color=&#8221;#1f1c2f&#8221; width=&#8221;244px&#8221; custom_margin=&#8221;-10px|0px|||false|false&#8221; custom_margin_tablet=&#8221;-10px|0px|||false|false&#8221; custom_margin_phone=&#8221;|||45px|false|false&#8221; custom_margin_last_edited=&#8221;on|phone&#8221; custom_padding=&#8221;||||false|false&#8221; text_orientation_tablet=&#8221;&#8221; text_orientation_phone=&#8221;center&#8221; text_orientation_last_edited=&#8221;on|phone&#8221; global_colors_info=&#8221;{}&#8221;]<\/p>\n<p style=\"text-align: center;\">3. Aktivirajte preko pametnog telefona<\/p>\n<p>[\/et_pb_text][\/et_pb_column][\/et_pb_row][et_pb_row use_custom_gutter=&#8221;on&#8221; _builder_version=&#8221;4.17.1&#8243; _module_preset=&#8221;default&#8221; max_width=&#8221;1100px&#8221; module_alignment=&#8221;center&#8221; custom_margin=&#8221;110px||||false|false&#8221; custom_margin_tablet=&#8221;110px||||false|false&#8221; custom_margin_phone=&#8221;0px||||false|false&#8221; custom_margin_last_edited=&#8221;on|phone&#8221; global_colors_info=&#8221;{}&#8221;][et_pb_column type=&#8221;4_4&#8243; _builder_version=&#8221;4.17.1&#8243; _module_preset=&#8221;default&#8221; global_colors_info=&#8221;{}&#8221;][et_pb_image src=&#8221;https:\/\/seshome.me\/wp-content\/uploads\/2022\/09\/3.png&#8221; title_text=&#8221;3&#8243; show_bottom_space=&#8221;off&#8221; align=&#8221;center&#8221; disabled_on=&#8221;on|off|off&#8221; _builder_version=&#8221;4.17.1&#8243; _module_preset=&#8221;default&#8221; width=&#8221;1078px&#8221; width_tablet=&#8221;100%&#8221; width_phone=&#8221;100%&#8221; width_last_edited=&#8221;on|phone&#8221; max_width_tablet=&#8221;&#8221; max_width_phone=&#8221;100%&#8221; max_width_last_edited=&#8221;on|phone&#8221; height=&#8221;450px&#8221; height_tablet=&#8221;100%&#8221; height_phone=&#8221;200px&#8221; height_last_edited=&#8221;on|phone&#8221; custom_margin=&#8221;||||false|false&#8221; global_colors_info=&#8221;{}&#8221;][\/et_pb_image][et_pb_image src=&#8221;https:\/\/seshome.me\/wp-content\/uploads\/2022\/09\/3-1.png&#8221; title_text=&#8221;3&#8243; show_bottom_space=&#8221;off&#8221; align=&#8221;center&#8221; disabled_on=&#8221;off|on|on&#8221; _builder_version=&#8221;4.17.1&#8243; _module_preset=&#8221;default&#8221; width=&#8221;1078px&#8221; width_tablet=&#8221;1078px&#8221; width_phone=&#8221;324px&#8221; width_last_edited=&#8221;on|phone&#8221; max_width_tablet=&#8221;&#8221; max_width_phone=&#8221;100%&#8221; max_width_last_edited=&#8221;on|phone&#8221; height=&#8221;450px&#8221; height_tablet=&#8221;450px&#8221; height_phone=&#8221;490px&#8221; height_last_edited=&#8221;on|phone&#8221; custom_margin=&#8221;||||false|false&#8221; global_colors_info=&#8221;{}&#8221;][\/et_pb_image][\/et_pb_column][\/et_pb_row][\/et_pb_section][et_pb_section fb_built=&#8221;1&#8243; custom_padding_last_edited=&#8221;on|phone&#8221; _builder_version=&#8221;4.17.1&#8243; _module_preset=&#8221;default&#8221; background_color=&#8221;#f3f3f3&#8243; custom_margin=&#8221;||||false|false&#8221; custom_padding=&#8221;154px||||false|false&#8221; custom_padding_tablet=&#8221;0px||||false|false&#8221; custom_padding_phone=&#8221;0px||||false|false&#8221; global_colors_info=&#8221;{}&#8221;][et_pb_row column_structure=&#8221;1_2,1_2&#8243; custom_padding_last_edited=&#8221;on|phone&#8221; _builder_version=&#8221;4.17.1&#8243; _module_preset=&#8221;default&#8221; width=&#8221;90%&#8221; max_width=&#8221;1100px&#8221; custom_margin=&#8221;||80px||false|false&#8221; custom_margin_tablet=&#8221;||||false|false&#8221; custom_margin_phone=&#8221;||||false|false&#8221; custom_margin_last_edited=&#8221;on|phone&#8221; custom_padding_tablet=&#8221;&#8221; custom_padding_phone=&#8221;&#8221; background_last_edited=&#8221;on|phone&#8221; background_image_phone=&#8221;https:\/\/seshome.me\/wp-content\/uploads\/2022\/09\/logo.png&#8221; background_enable_image_phone=&#8221;on&#8221; background_size_phone=&#8221;contain&#8221; global_colors_info=&#8221;{}&#8221;][et_pb_column type=&#8221;1_2&#8243; _builder_version=&#8221;4.17.1&#8243; _module_preset=&#8221;default&#8221; custom_padding=&#8221;280px||||false|false&#8221; custom_padding_tablet=&#8221;4px||||false|false&#8221; custom_padding_phone=&#8221;40px||||false|false&#8221; custom_padding_last_edited=&#8221;on|tablet&#8221; global_colors_info=&#8221;{}&#8221;][et_pb_text _builder_version=&#8221;4.17.1&#8243; _module_preset=&#8221;default&#8221; header_2_font=&#8221;Poppins|600|||||||&#8221; header_2_text_color=&#8221;#696969&#8243; header_2_font_size=&#8221;24px&#8221; width=&#8221;526px&#8221; width_tablet=&#8221;526px&#8221; width_phone=&#8221;100%&#8221; width_last_edited=&#8221;on|phone&#8221; global_colors_info=&#8221;{}&#8221;]<\/p>\n<h2>Podaci o pravnom licu<\/h2>\n<p>[\/et_pb_text][et_pb_text _builder_version=&#8221;4.17.1&#8243; _module_preset=&#8221;default&#8221; text_font=&#8221;Poppins||||||||&#8221; text_text_color=&#8221;#696969&#8243; width=&#8221;526px&#8221; width_tablet=&#8221;526px&#8221; width_phone=&#8221;100%&#8221; width_last_edited=&#8221;on|phone&#8221; global_colors_info=&#8221;{}&#8221;]<\/p>\n<p><strong>Naziv:<\/strong> SMART ENGINEERING SOLUTION DOO<br \/><strong>Web adresa:<\/strong> seshome.me<br \/><strong>Kontakt telefon:<\/strong> +382-68-585-301<br \/><strong>Kontakt e-mail:<\/strong> office@smart-solutions.group<\/p>\n<p>[\/et_pb_text][\/et_pb_column][et_pb_column type=&#8221;1_2&#8243; _builder_version=&#8221;4.17.1&#8243; _module_preset=&#8221;default&#8221; global_colors_info=&#8221;{}&#8221;][\/et_pb_column][\/et_pb_row][\/et_pb_section]<\/p>","protected":false},"excerpt":{"rendered":"<p>O Nama \u201cJedina konstanta u \u017eivotu je promena\u201dKompanija \u201cSmart Engineering Solution\u201d izlazi u susret rastu\u0107im potrebama dinami\u010dnog tr\u017ei\u0161ta tehnologije koje \u0107e oblikovati budu\u0107nost \u017eivljenja i poslovanja i pru\u017ea Vam nova, savremena i efikasnija re\u0161enja zbog kojih \u0107ete se u svakom trenutku ose\u0107ati sigurnije i ima\u0107ete vi\u0161e vremena za u\u017eivanje i miran san.Primena proizvoda prilagodljiva je [&hellip;]<\/p>","protected":false},"author":2,"featured_media":0,"parent":0,"menu_order":0,"comment_status":"closed","ping_status":"closed","template":"","meta":{"_acf_changed":false,"_et_pb_use_builder":"on","_et_pb_old_content":"","_et_gb_content_width":"","inline_featured_image":false,"footnotes":""},"class_list":["post-368","page","type-page","status-publish","hentry"],"acf":[],"_links":{"self":[{"href":"https:\/\/seshome.me\/en\/wp-json\/wp\/v2\/pages\/368","targetHints":{"allow":["GET"]}}],"collection":[{"href":"https:\/\/seshome.me\/en\/wp-json\/wp\/v2\/pages"}],"about":[{"href":"https:\/\/seshome.me\/en\/wp-json\/wp\/v2\/types\/page"}],"author":[{"embeddable":true,"href":"https:\/\/seshome.me\/en\/wp-json\/wp\/v2\/users\/2"}],"replies":[{"embeddable":true,"href":"https:\/\/seshome.me\/en\/wp-json\/wp\/v2\/comments?post=368"}],"version-history":[{"count":71,"href":"https:\/\/seshome.me\/en\/wp-json\/wp\/v2\/pages\/368\/revisions"}],"predecessor-version":[{"id":3117,"href":"https:\/\/seshome.me\/en\/wp-json\/wp\/v2\/pages\/368\/revisions\/3117"}],"wp:attachment":[{"href":"https:\/\/seshome.me\/en\/wp-json\/wp\/v2\/media?parent=368"}],"curies":[{"name":"wp","href":"https:\/\/api.w.org\/{rel}","templated":true}]}}