{"id":1320,"date":"2022-07-05T21:24:02","date_gmt":"2022-07-05T21:24:02","guid":{"rendered":"https:\/\/smartsolution.rs\/?post_type=product&#038;p=1320"},"modified":"2023-03-15T22:07:54","modified_gmt":"2023-03-15T22:07:54","slug":"wi-fi-full-hd-pametne-kamere-vstarcam-c8890","status":"publish","type":"product","link":"https:\/\/seshome.me\/en\/product\/wi-fi-full-hd-pametne-kamere-vstarcam-c8890\/","title":{"rendered":"Wi-Fi Full HD Smart Camera Vstarcam C8890"},"content":{"rendered":"<p>It has a built-in battery, clear picture and clear sound + Two-way audio! FEATURES:<br \/>\n&#8211; Unutra\u0161nja IP video kamera sa ugra\u0111enim Wi-Fi modulom;<br \/>\n&#8211; Ure\u0111aj mo\u017ee raditi van mre\u017ee do 5,5 sati, jer je opremljen ugra\u0111enom baterijom;<br \/>\n&#8211; Kamera je opremljena IC osvetljenjem dometa do 10 m.<br \/>\n&#8211; Ure\u0111aj je opremljen ugra\u0111enim mikrofonom i zvu\u010dnikom, podr\u017eava detekciju pokreta;<br \/>\n&#8211; Ovaj model je najmanji kamkorder u VSTARCAM liniji.<br \/>\n&#8211; Kamera podr\u017eava snimanje na microSD karticu do 128 GB.<br \/>\n&#8211; Kamkorder dolazi sa prakti\u010dnim magnetnim nosa\u010dem.<\/p>","protected":false},"excerpt":{"rendered":"<p>Ima ugra\u0111enu bateriju, \u010distu sliku i \u010dist zvuk + Dvosmjerni audio! OSOBINE: &#8211; Unutra\u0161nja IP video kamera sa ugra\u0111enim Wi-Fi modulom; &#8211; Ure\u0111aj mo\u017ee raditi van mre\u017ee do 5,5 sati, jer je opremljen ugra\u0111enom baterijom; &#8211; Kamera je opremljena IC osvetljenjem dometa do 10 m. &#8211; Ure\u0111aj je opremljen ugra\u0111enim mikrofonom i zvu\u010dnikom, podr\u017eava detekciju [&hellip;]<\/p>","protected":false},"featured_media":2564,"comment_status":"open","ping_status":"closed","template":"","meta":{"_acf_changed":false,"_et_pb_use_builder":"","_et_pb_old_content":"","_et_gb_content_width":"","inline_featured_image":false},"product_brand":[],"product_cat":[265,263],"product_tag":[],"class_list":{"0":"post-1320","1":"product","2":"type-product","3":"status-publish","4":"has-post-thumbnail","6":"product_cat-pametne-video-kamere","7":"product_cat-bezbednost","9":"first","10":"instock","11":"shipping-taxable","12":"purchasable","13":"product-type-simple","14":"add-to-wishlist-before_image"},"acf":[],"_links":{"self":[{"href":"https:\/\/seshome.me\/en\/wp-json\/wp\/v2\/product\/1320","targetHints":{"allow":["GET"]}}],"collection":[{"href":"https:\/\/seshome.me\/en\/wp-json\/wp\/v2\/product"}],"about":[{"href":"https:\/\/seshome.me\/en\/wp-json\/wp\/v2\/types\/product"}],"replies":[{"embeddable":true,"href":"https:\/\/seshome.me\/en\/wp-json\/wp\/v2\/comments?post=1320"}],"wp:featuredmedia":[{"embeddable":true,"href":"https:\/\/seshome.me\/en\/wp-json\/wp\/v2\/media\/2564"}],"wp:attachment":[{"href":"https:\/\/seshome.me\/en\/wp-json\/wp\/v2\/media?parent=1320"}],"wp:term":[{"taxonomy":"product_brand","embeddable":true,"href":"https:\/\/seshome.me\/en\/wp-json\/wp\/v2\/product_brand?post=1320"},{"taxonomy":"product_cat","embeddable":true,"href":"https:\/\/seshome.me\/en\/wp-json\/wp\/v2\/product_cat?post=1320"},{"taxonomy":"product_tag","embeddable":true,"href":"https:\/\/seshome.me\/en\/wp-json\/wp\/v2\/product_tag?post=1320"}],"curies":[{"name":"wp","href":"https:\/\/api.w.org\/{rel}","templated":true}]}}