{"id":1321,"date":"2022-07-05T21:39:42","date_gmt":"2022-07-05T21:39:42","guid":{"rendered":"https:\/\/smartsolution.rs\/?post_type=product&#038;p=1321"},"modified":"2023-03-16T00:35:47","modified_gmt":"2023-03-16T00:35:47","slug":"wi-fi-ip-pametne-kamere-vstarcam-c8861wip","status":"publish","type":"product","link":"https:\/\/seshome.me\/en\/product\/wi-fi-ip-pametne-kamere-vstarcam-c8861wip\/","title":{"rendered":"Wi-Fi IP-smart cameras Vstarcam C8861WIP"},"content":{"rendered":"<p>FEATURES:<br \/>\n&#8211; Moderan dizajn;<br \/>\n&#8211; IP video kamera za zatvorene prostore sa \u0161irokim uglom gledanja sa ugra\u0111enim Wi-Fi modulom;<br \/>\n&#8211; Kamera je opremljena I-osvetljenjem dometa do 10 m.<br \/>\n&#8211; Mogu\u0107nost daljinskog upravljanja skretanjem;<br \/>\n&#8211; Ure\u0111aj podr\u017eava Onvif i RTSP protokole za povezivanje kamere na mre\u017ene video rekordere i usluge video nadzora;<br \/>\n&#8211; Funkcija &#8220;Sonic Transfer&#8221; &#8211; povezivanje kamere &#8220;po zvuku&#8221; (nije potrebna \u017ei\u010dna veza kamere sa ruterom);<br \/>\n&#8211; Kamera podr\u017eava snimanje na microSD karticu do 128 GB uz mogu\u0107nost daljinskog gledanja sa ra\u010dunara ili laptopa, tableta ili pametnog telefona. Arhiva u HD kvaliteti je dovoljna za 5 dana u najboljem i 15 dana u prosje\u010dnom kvalitetu;<br \/>\n&#8211; Funkcija &#8220;Cuise control&#8221; &#8211; ugra\u0111eni zvu\u010dnik za prenos zvuka i ugra\u0111eni detektor pokreta (kretanje na odre\u0111enim ta\u010dkama);<br \/>\n&#8211; &#8220;Plug and Play&#8221; tehnologija &#8211; ure\u0111aj je jednostavan za postavljanje, dostupan svakom korisniku, \u010dak i onima koji nemaju iskustva u radu sa IP kamerama;<\/p>","protected":false},"excerpt":{"rendered":"<p>OSOBINE: &#8211; Moderan dizajn; &#8211; IP video kamera za zatvorene prostore sa \u0161irokim uglom gledanja sa ugra\u0111enim Wi-Fi modulom; &#8211; Kamera je opremljena I-osvetljenjem dometa do 10 m. &#8211; Mogu\u0107nost daljinskog upravljanja skretanjem; &#8211; Ure\u0111aj podr\u017eava Onvif i RTSP protokole za povezivanje kamere na mre\u017ene video rekordere i usluge video nadzora; &#8211; Funkcija &#8220;Sonic Transfer&#8221; [&hellip;]<\/p>","protected":false},"featured_media":3384,"comment_status":"open","ping_status":"closed","template":"","meta":{"_acf_changed":false,"_et_pb_use_builder":"","_et_pb_old_content":"","_et_gb_content_width":"","inline_featured_image":false},"product_brand":[],"product_cat":[265,263],"product_tag":[],"class_list":{"0":"post-1321","1":"product","2":"type-product","3":"status-publish","4":"has-post-thumbnail","6":"product_cat-pametne-video-kamere","7":"product_cat-bezbednost","9":"first","10":"instock","11":"shipping-taxable","12":"purchasable","13":"product-type-simple","14":"add-to-wishlist-before_image"},"acf":[],"_links":{"self":[{"href":"https:\/\/seshome.me\/en\/wp-json\/wp\/v2\/product\/1321","targetHints":{"allow":["GET"]}}],"collection":[{"href":"https:\/\/seshome.me\/en\/wp-json\/wp\/v2\/product"}],"about":[{"href":"https:\/\/seshome.me\/en\/wp-json\/wp\/v2\/types\/product"}],"replies":[{"embeddable":true,"href":"https:\/\/seshome.me\/en\/wp-json\/wp\/v2\/comments?post=1321"}],"wp:featuredmedia":[{"embeddable":true,"href":"https:\/\/seshome.me\/en\/wp-json\/wp\/v2\/media\/3384"}],"wp:attachment":[{"href":"https:\/\/seshome.me\/en\/wp-json\/wp\/v2\/media?parent=1321"}],"wp:term":[{"taxonomy":"product_brand","embeddable":true,"href":"https:\/\/seshome.me\/en\/wp-json\/wp\/v2\/product_brand?post=1321"},{"taxonomy":"product_cat","embeddable":true,"href":"https:\/\/seshome.me\/en\/wp-json\/wp\/v2\/product_cat?post=1321"},{"taxonomy":"product_tag","embeddable":true,"href":"https:\/\/seshome.me\/en\/wp-json\/wp\/v2\/product_tag?post=1321"}],"curies":[{"name":"wp","href":"https:\/\/api.w.org\/{rel}","templated":true}]}}