{"id":1322,"date":"2022-07-05T21:44:42","date_gmt":"2022-07-05T21:44:42","guid":{"rendered":"https:\/\/smartsolution.rs\/?post_type=product&#038;p=1322"},"modified":"2023-03-16T00:20:40","modified_gmt":"2023-03-16T00:20:40","slug":"wi-fi-hd-pametne-kamere-vstarcam-c7824wip","status":"publish","type":"product","link":"https:\/\/seshome.me\/en\/product\/wi-fi-hd-pametne-kamere-vstarcam-c7824wip\/","title":{"rendered":"Wi-Fi HD Smart Camera Vstarcam C7824WIP"},"content":{"rendered":"<p>The video camera has a modern design, it can be used both at home or in the office, as well as in production, warehouse or country house.<br \/>\nFEATURES:<br \/>\n&#8211; IP video kamera za prostorije sa eksternom Wi-Fi antenom;<br \/>\n&#8211; IR osvjetljenje dometa do 10 m;<br \/>\n&#8211; Kamkorder je opremljen objektivom sa \u017ei\u017enom daljinom od 3,6 mm;<br \/>\n&#8211; Prisustvo ugra\u0111enog mikrofona i zvu\u010dnika, podr\u0161ka za detekciju pokreta;<br \/>\n&#8211; Funkcija okretanja horizontalno (355\u00b0) i vertikalno (110\u00b0);<br \/>\n&#8211; Snimanje na microSD karticu do 64 GB. Snimanje na memorijsku karticu odvija se cikli\u010dno: stare datoteke se automatski bri\u0161u i zamjenjuju novima. Mogu\u0107e je daljinski pristupiti memorijskoj kartici putem aplikacije;<br \/>\n&#8211; Mogu\u0107nost rada na scenarijima: snimanje pokreta, planirano snimanje, snimanje doga\u0111aja;<br \/>\n&#8211; Mogu\u0107nost slanja alarmnih poruka na va\u0161 telefon, tablet, ra\u010dunar;<\/p>","protected":false},"excerpt":{"rendered":"<p>Video kamera je modernog dizajna, mo\u017ee se koristiti kako kod ku\u0107e ili u kancelariji, tako iu proizvodnji, skladi\u0161tu ili seoskoj ku\u0107i. OSOBINE: &#8211; IP video kamera za prostorije sa eksternom Wi-Fi antenom; &#8211; IR osvjetljenje dometa do 10 m; &#8211; Kamkorder je opremljen objektivom sa \u017ei\u017enom daljinom od 3,6 mm; &#8211; Prisustvo ugra\u0111enog mikrofona i [&hellip;]<\/p>","protected":false},"featured_media":3383,"comment_status":"open","ping_status":"closed","template":"","meta":{"_acf_changed":false,"_et_pb_use_builder":"","_et_pb_old_content":"","_et_gb_content_width":"","inline_featured_image":false},"product_brand":[],"product_cat":[265,263],"product_tag":[],"class_list":{"0":"post-1322","1":"product","2":"type-product","3":"status-publish","4":"has-post-thumbnail","6":"product_cat-pametne-video-kamere","7":"product_cat-bezbednost","9":"first","10":"instock","11":"shipping-taxable","12":"purchasable","13":"product-type-simple","14":"add-to-wishlist-before_image"},"acf":[],"_links":{"self":[{"href":"https:\/\/seshome.me\/en\/wp-json\/wp\/v2\/product\/1322","targetHints":{"allow":["GET"]}}],"collection":[{"href":"https:\/\/seshome.me\/en\/wp-json\/wp\/v2\/product"}],"about":[{"href":"https:\/\/seshome.me\/en\/wp-json\/wp\/v2\/types\/product"}],"replies":[{"embeddable":true,"href":"https:\/\/seshome.me\/en\/wp-json\/wp\/v2\/comments?post=1322"}],"wp:featuredmedia":[{"embeddable":true,"href":"https:\/\/seshome.me\/en\/wp-json\/wp\/v2\/media\/3383"}],"wp:attachment":[{"href":"https:\/\/seshome.me\/en\/wp-json\/wp\/v2\/media?parent=1322"}],"wp:term":[{"taxonomy":"product_brand","embeddable":true,"href":"https:\/\/seshome.me\/en\/wp-json\/wp\/v2\/product_brand?post=1322"},{"taxonomy":"product_cat","embeddable":true,"href":"https:\/\/seshome.me\/en\/wp-json\/wp\/v2\/product_cat?post=1322"},{"taxonomy":"product_tag","embeddable":true,"href":"https:\/\/seshome.me\/en\/wp-json\/wp\/v2\/product_tag?post=1322"}],"curies":[{"name":"wp","href":"https:\/\/api.w.org\/{rel}","templated":true}]}}