{"id":1323,"date":"2022-07-05T21:51:07","date_gmt":"2022-07-05T21:51:07","guid":{"rendered":"https:\/\/smartsolution.rs\/?post_type=product&#038;p=1323"},"modified":"2023-03-16T00:18:04","modified_gmt":"2023-03-16T00:18:04","slug":"wi-fi-pametne-kamere-vstarcam-c8813wip","status":"publish","type":"product","link":"https:\/\/seshome.me\/en\/product\/wi-fi-pametne-kamere-vstarcam-c8813wip\/","title":{"rendered":"Wi-Fi Smart Camera Vstarcam C8813WIP"},"content":{"rendered":"<p>The best solution for outdoor video surveillance! This camera model is a good solution both for installation organizations and for individual clients who want to create a complete outdoor video surveillance system at an affordable price. FEATURES:<br \/>\n&#8211; Vanjska IP video kamera sa ugra\u0111enim Wi-Fi modulom;<br \/>\n&#8211; Podr\u0161ka za funkciju detekcije pokreta;<br \/>\n&#8211; Podr\u0161ka za snimanje na microSD karticu do 128 GB;<br \/>\n&#8211; Koristi se za organizaciju vanjskog HD video nadzora za seoske ku\u0107e, gradili\u0161ta i industrijske prostore;<br \/>\n&#8211; Mogu\u0107nost pregleda sa ra\u010dunara, tableta, pametnih telefona Apple i Android pomo\u0107u posebne besplatne aplikacije;<\/p>","protected":false},"excerpt":{"rendered":"<p>Najbolje rje\u0161enje za vanjski video nadzor! Ovaj model kamere je dobro rje\u0161enje kako za instalaterske organizacije, tako i za pojedina\u010dne klijente koji \u017eele napraviti kompletan vanjski sistem video nadzora po pristupa\u010dnoj cijeni. OSOBINE: &#8211; Vanjska IP video kamera sa ugra\u0111enim Wi-Fi modulom; &#8211; Podr\u0161ka za funkciju detekcije pokreta; &#8211; Podr\u0161ka za snimanje na microSD karticu [&hellip;]<\/p>","protected":false},"featured_media":2549,"comment_status":"open","ping_status":"closed","template":"","meta":{"_acf_changed":false,"_et_pb_use_builder":"","_et_pb_old_content":"","_et_gb_content_width":"","inline_featured_image":false},"product_brand":[],"product_cat":[265,263],"product_tag":[],"class_list":{"0":"post-1323","1":"product","2":"type-product","3":"status-publish","4":"has-post-thumbnail","6":"product_cat-pametne-video-kamere","7":"product_cat-bezbednost","9":"first","10":"instock","11":"shipping-taxable","12":"purchasable","13":"product-type-simple","14":"add-to-wishlist-before_image"},"acf":[],"_links":{"self":[{"href":"https:\/\/seshome.me\/en\/wp-json\/wp\/v2\/product\/1323","targetHints":{"allow":["GET"]}}],"collection":[{"href":"https:\/\/seshome.me\/en\/wp-json\/wp\/v2\/product"}],"about":[{"href":"https:\/\/seshome.me\/en\/wp-json\/wp\/v2\/types\/product"}],"replies":[{"embeddable":true,"href":"https:\/\/seshome.me\/en\/wp-json\/wp\/v2\/comments?post=1323"}],"wp:featuredmedia":[{"embeddable":true,"href":"https:\/\/seshome.me\/en\/wp-json\/wp\/v2\/media\/2549"}],"wp:attachment":[{"href":"https:\/\/seshome.me\/en\/wp-json\/wp\/v2\/media?parent=1323"}],"wp:term":[{"taxonomy":"product_brand","embeddable":true,"href":"https:\/\/seshome.me\/en\/wp-json\/wp\/v2\/product_brand?post=1323"},{"taxonomy":"product_cat","embeddable":true,"href":"https:\/\/seshome.me\/en\/wp-json\/wp\/v2\/product_cat?post=1323"},{"taxonomy":"product_tag","embeddable":true,"href":"https:\/\/seshome.me\/en\/wp-json\/wp\/v2\/product_tag?post=1323"}],"curies":[{"name":"wp","href":"https:\/\/api.w.org\/{rel}","templated":true}]}}