{"id":2653,"date":"2022-09-30T20:44:47","date_gmt":"2022-09-30T20:44:47","guid":{"rendered":"https:\/\/smartsolution.rs\/?post_type=product&#038;p=2653"},"modified":"2023-03-15T22:51:57","modified_gmt":"2023-03-15T22:51:57","slug":"cs-c3w-pro-2-8-mm-2-mp","status":"publish","type":"product","link":"https:\/\/seshome.me\/en\/product\/cs-c3w-pro-2-8-mm-2-mp\/","title":{"rendered":"Wi-Fi smart camera EZVIZ CS-C3W Pro 2.8 mm 2 MP"},"content":{"rendered":"<p>Outdoor Wi-Fi camera CS-C3W with two-way sound and siren. When motion is detected in the frame, the camera activates the siren and sends light and sound signals. The power of the siren reaches 100 dB. The waterproof microphone captures video with sound, and the speakers provide two-way audio communication within 5 meters. A noise reduction algorithm filters out background sounds to improve voice quality. The dual external antenna ensures reliable Wi-Fi transmission without interference up to 100 m. The camera is protected from the environment according to the IP67 standard and will work in all, even the most unfavorable weather conditions.<\/p>\n<p><iframe loading=\"lazy\" title=\"EZVIZ C3W Pro   See details at night in full color with higher resolution\" width=\"1080\" height=\"608\" src=\"https:\/\/www.youtube.com\/embed\/FMm1lnRutU0?feature=oembed\"  allow=\"accelerometer; autoplay; clipboard-write; encrypted-media; gyroscope; picture-in-picture\" allowfullscreen><\/iframe><\/p>","protected":false},"excerpt":{"rendered":"<p>Spoljna Wi-Fi kamera CS-C3W sa dvosmernim zvukom i sirenom. Kada se detektuje pokret u kadru, kamera aktivira sirenu i \u0161alje svetlosne i zvu\u010dne signale. Snaga sirene dosti\u017ee 100 dB. Vodootporni mikrofon snima video sa zvukom, a zvu\u010dnici obezbe\u0111uju dvosmernu audio komunikaciju u krugu od 5 metara. Algoritam za smanjenje \u0161uma filtrira pozadinske zvukove kako bi [&hellip;]<\/p>","protected":false},"featured_media":2644,"comment_status":"open","ping_status":"closed","template":"","meta":{"_acf_changed":false,"_et_pb_use_builder":"","_et_pb_old_content":"","_et_gb_content_width":"","inline_featured_image":false},"product_brand":[],"product_cat":[265,263],"product_tag":[],"class_list":{"0":"post-2653","1":"product","2":"type-product","3":"status-publish","4":"has-post-thumbnail","6":"product_cat-pametne-video-kamere","7":"product_cat-bezbednost","9":"first","10":"instock","11":"shipping-taxable","12":"purchasable","13":"product-type-simple","14":"add-to-wishlist-before_image"},"acf":[],"_links":{"self":[{"href":"https:\/\/seshome.me\/en\/wp-json\/wp\/v2\/product\/2653","targetHints":{"allow":["GET"]}}],"collection":[{"href":"https:\/\/seshome.me\/en\/wp-json\/wp\/v2\/product"}],"about":[{"href":"https:\/\/seshome.me\/en\/wp-json\/wp\/v2\/types\/product"}],"replies":[{"embeddable":true,"href":"https:\/\/seshome.me\/en\/wp-json\/wp\/v2\/comments?post=2653"}],"wp:featuredmedia":[{"embeddable":true,"href":"https:\/\/seshome.me\/en\/wp-json\/wp\/v2\/media\/2644"}],"wp:attachment":[{"href":"https:\/\/seshome.me\/en\/wp-json\/wp\/v2\/media?parent=2653"}],"wp:term":[{"taxonomy":"product_brand","embeddable":true,"href":"https:\/\/seshome.me\/en\/wp-json\/wp\/v2\/product_brand?post=2653"},{"taxonomy":"product_cat","embeddable":true,"href":"https:\/\/seshome.me\/en\/wp-json\/wp\/v2\/product_cat?post=2653"},{"taxonomy":"product_tag","embeddable":true,"href":"https:\/\/seshome.me\/en\/wp-json\/wp\/v2\/product_tag?post=2653"}],"curies":[{"name":"wp","href":"https:\/\/api.w.org\/{rel}","templated":true}]}}