{"id":405,"date":"2022-04-30T13:32:07","date_gmt":"2022-04-30T13:32:07","guid":{"rendered":"https:\/\/smartsolution.rs\/?post_type=product&#038;p=405"},"modified":"2023-02-28T01:25:30","modified_gmt":"2023-02-28T01:25:30","slug":"powerlight-ws2","status":"publish","type":"product","link":"https:\/\/seshome.me\/en\/product\/powerlight-ws2\/","title":{"rendered":"Smart switch 2 buttons Powerlight-WS2"},"content":{"rendered":"<p>Touch switch with tempered glass front panel.<br \/>\nInstalled in a standard depth junction box instead of a conventional switch.<br \/>\nA capacitor is included in the kit in case your wiring is without a neutral line.<br \/>\nOpremljen za\u0161titom od treperenja. Radi i na dodir ruke i preko pametnog telefona. Sada mo\u017eete da kontroli\u0161ete kuc\u0301na svetla sa bilo kog mesta na svetu (\u010dak i iz Katmandua &#8211; samo da postoji internet!), da automatizujete uklju\u010divanje i isklju\u010divanje prema izlasku\/zalasku sunca ili prema sopstvenom rasporedu.<\/p>\n<p>Additionally, the switch lives in the Sibling smart home system, meaning you can set the light to turn on\/off at the sensor's command. Or make it so that the switch itself gives commands to turn on \/ off some devices (for example, the humidifier turns on together with the light).<\/p>","protected":false},"excerpt":{"rendered":"<p>Prekida\u010d na dodir sa prednjom plo\u010dom od kaljenog stakla. Instaliran u standardnu razvodnu kutiju dubine umesto konvencionalnog prekida\u010da. Kondenzator je uklju\u010den u komplet u slu\u010daju da je va\u0161e o\u017ei\u010denje bez nulte linije. Opremljen za\u0161titom od treperenja. Radi i na dodir ruke i preko pametnog telefona. Sada mo\u017eete da kontroli\u0161ete kuc\u0301na svetla sa bilo kog mesta [&hellip;]<\/p>","protected":false},"featured_media":3333,"comment_status":"open","ping_status":"closed","template":"","meta":{"_acf_changed":false,"_et_pb_use_builder":"","_et_pb_old_content":"","_et_gb_content_width":"","inline_featured_image":false},"product_brand":[],"product_cat":[255,256],"product_tag":[],"class_list":{"0":"post-405","1":"product","2":"type-product","3":"status-publish","4":"has-post-thumbnail","6":"product_cat-kontrola-svetla","7":"product_cat-pametni-prekidaci","9":"first","10":"instock","11":"shipping-taxable","12":"purchasable","13":"product-type-variable","14":"add-to-wishlist-before_image"},"acf":[],"_links":{"self":[{"href":"https:\/\/seshome.me\/en\/wp-json\/wp\/v2\/product\/405","targetHints":{"allow":["GET"]}}],"collection":[{"href":"https:\/\/seshome.me\/en\/wp-json\/wp\/v2\/product"}],"about":[{"href":"https:\/\/seshome.me\/en\/wp-json\/wp\/v2\/types\/product"}],"replies":[{"embeddable":true,"href":"https:\/\/seshome.me\/en\/wp-json\/wp\/v2\/comments?post=405"}],"wp:featuredmedia":[{"embeddable":true,"href":"https:\/\/seshome.me\/en\/wp-json\/wp\/v2\/media\/3333"}],"wp:attachment":[{"href":"https:\/\/seshome.me\/en\/wp-json\/wp\/v2\/media?parent=405"}],"wp:term":[{"taxonomy":"product_brand","embeddable":true,"href":"https:\/\/seshome.me\/en\/wp-json\/wp\/v2\/product_brand?post=405"},{"taxonomy":"product_cat","embeddable":true,"href":"https:\/\/seshome.me\/en\/wp-json\/wp\/v2\/product_cat?post=405"},{"taxonomy":"product_tag","embeddable":true,"href":"https:\/\/seshome.me\/en\/wp-json\/wp\/v2\/product_tag?post=405"}],"curies":[{"name":"wp","href":"https:\/\/api.w.org\/{rel}","templated":true}]}}