{"id":483,"date":"2022-05-22T23:25:46","date_gmt":"2022-05-22T23:25:46","guid":{"rendered":"https:\/\/smartsolution.rs\/?post_type=product&#038;p=483"},"modified":"2023-03-15T23:33:26","modified_gmt":"2023-03-15T23:33:26","slug":"sibling-commercial-light","status":"publish","type":"product","link":"https:\/\/seshome.me\/en\/product\/sibling-commercial-light\/","title":{"rendered":"Smart recessed spotlight Sibling Commercial Light-ZBISLW"},"content":{"rendered":"<p>When it comes to arranging your business or residential space, the external surfaces are just as important as the internal ones! In addition to functionality and economy, the smart built-in reflector provides users with directional light up to 5m\u00b2 with the ability to change brightness and color temperature. It is characterized by a long service life, resistance to weather conditions, ease of installation, while lighting control can be mechanical or via an application. Let's create a safe, comfortable and only yours outdoor oasis together!<\/p>","protected":false},"excerpt":{"rendered":"<p>Kada je u pitanju ure\u0111enje Va\u0161eg poslovnog ili stambenog prostora, spoljne povr\u0161ine su podjednako va\u017ene kao i one unutra\u0161nje! Osim funkcionalnosti i ekonomi\u010dnosti, pametni ugradni reflektor pru\u017ea korisnicima usmereno svetlo do 5m\u00b2 sa mogu\u0107no\u0161\u0107u promene osvetljenosti i temperature boje. Odlikuje ga dug radni vek, otpornost na vremenske uslove, jednostavnost monta\u017ee, dok kontrola osvetljenja mo\u017ee biti [&hellip;]<\/p>","protected":false},"featured_media":3302,"comment_status":"open","ping_status":"closed","template":"","meta":{"_acf_changed":false,"_et_pb_use_builder":"","_et_pb_old_content":"","_et_gb_content_width":"","inline_featured_image":false},"product_brand":[],"product_cat":[255,259],"product_tag":[],"class_list":{"0":"post-483","1":"product","2":"type-product","3":"status-publish","4":"has-post-thumbnail","6":"product_cat-kontrola-svetla","7":"product_cat-pametne-lampe-i-reflektori","9":"first","10":"instock","11":"shipping-taxable","12":"purchasable","13":"product-type-simple","14":"add-to-wishlist-before_image"},"acf":[],"_links":{"self":[{"href":"https:\/\/seshome.me\/en\/wp-json\/wp\/v2\/product\/483","targetHints":{"allow":["GET"]}}],"collection":[{"href":"https:\/\/seshome.me\/en\/wp-json\/wp\/v2\/product"}],"about":[{"href":"https:\/\/seshome.me\/en\/wp-json\/wp\/v2\/types\/product"}],"replies":[{"embeddable":true,"href":"https:\/\/seshome.me\/en\/wp-json\/wp\/v2\/comments?post=483"}],"wp:featuredmedia":[{"embeddable":true,"href":"https:\/\/seshome.me\/en\/wp-json\/wp\/v2\/media\/3302"}],"wp:attachment":[{"href":"https:\/\/seshome.me\/en\/wp-json\/wp\/v2\/media?parent=483"}],"wp:term":[{"taxonomy":"product_brand","embeddable":true,"href":"https:\/\/seshome.me\/en\/wp-json\/wp\/v2\/product_brand?post=483"},{"taxonomy":"product_cat","embeddable":true,"href":"https:\/\/seshome.me\/en\/wp-json\/wp\/v2\/product_cat?post=483"},{"taxonomy":"product_tag","embeddable":true,"href":"https:\/\/seshome.me\/en\/wp-json\/wp\/v2\/product_tag?post=483"}],"curies":[{"name":"wp","href":"https:\/\/api.w.org\/{rel}","templated":true}]}}