{"id":502,"date":"2022-05-23T20:29:27","date_gmt":"2022-05-23T20:29:27","guid":{"rendered":"https:\/\/smartsolution.rs\/?post_type=product&#038;p=502"},"modified":"2023-03-15T23:31:23","modified_gmt":"2023-03-15T23:31:23","slug":"powerlight-lo2","status":"publish","type":"product","link":"https:\/\/seshome.me\/en\/product\/powerlight-lo2\/","title":{"rendered":"Smart WI-FI reflector (IP 66) with electrical plug Powerlight-LO2"},"content":{"rendered":"<p>When it comes to arranging your business or residential space, the external surfaces are just as important as the internal ones! In addition to functionality and economy, the smart reflector will provide expressive lighting of advertising signs, posters, shop windows, highlight other objects or emphasize the architectural features of the object. The LED spotlight is designed for outdoor use and has an IP65 rating. It can work with different scenarios, for example - until sunrise\/sunset, in combination with sensors or until a certain time. It is possible to remotely adjust the RGB spectrum and brightness through the application.<\/p>","protected":false},"excerpt":{"rendered":"<p>Kada je u pitanju ure\u0111enje Va\u0161eg poslovnog ili stambenog prostora, spoljne povr\u0161ine su podjednako va\u017ene kao i one unutra\u0161nje! Osim funkcionalnosti i ekonomi\u010dnosti, pametni reflektor \u0107e obezbediti ekspresivno osvetljenje reklamnih natpisa, postera, izloga, ista\u0107i druge objekte ili naglasiti arhitektonske karakteristike objekta. LED reflektor je dizajniran za spolja\u0161nju upotrebu i ima IP65 ocenu. Mo\u017ee da radi [&hellip;]<\/p>","protected":false},"featured_media":3376,"comment_status":"open","ping_status":"closed","template":"","meta":{"_acf_changed":false,"_et_pb_use_builder":"","_et_pb_old_content":"","_et_gb_content_width":"","inline_featured_image":false},"product_brand":[],"product_cat":[255,259,257],"product_tag":[],"class_list":{"0":"post-502","1":"product","2":"type-product","3":"status-publish","4":"has-post-thumbnail","6":"product_cat-kontrola-svetla","7":"product_cat-pametne-lampe-i-reflektori","8":"product_cat-pametne-rgb-lampe","10":"first","11":"instock","12":"shipping-taxable","13":"purchasable","14":"product-type-simple","15":"add-to-wishlist-before_image"},"acf":[],"_links":{"self":[{"href":"https:\/\/seshome.me\/en\/wp-json\/wp\/v2\/product\/502","targetHints":{"allow":["GET"]}}],"collection":[{"href":"https:\/\/seshome.me\/en\/wp-json\/wp\/v2\/product"}],"about":[{"href":"https:\/\/seshome.me\/en\/wp-json\/wp\/v2\/types\/product"}],"replies":[{"embeddable":true,"href":"https:\/\/seshome.me\/en\/wp-json\/wp\/v2\/comments?post=502"}],"wp:featuredmedia":[{"embeddable":true,"href":"https:\/\/seshome.me\/en\/wp-json\/wp\/v2\/media\/3376"}],"wp:attachment":[{"href":"https:\/\/seshome.me\/en\/wp-json\/wp\/v2\/media?parent=502"}],"wp:term":[{"taxonomy":"product_brand","embeddable":true,"href":"https:\/\/seshome.me\/en\/wp-json\/wp\/v2\/product_brand?post=502"},{"taxonomy":"product_cat","embeddable":true,"href":"https:\/\/seshome.me\/en\/wp-json\/wp\/v2\/product_cat?post=502"},{"taxonomy":"product_tag","embeddable":true,"href":"https:\/\/seshome.me\/en\/wp-json\/wp\/v2\/product_tag?post=502"}],"curies":[{"name":"wp","href":"https:\/\/api.w.org\/{rel}","templated":true}]}}