{"id":504,"date":"2022-05-23T20:54:26","date_gmt":"2022-05-23T20:54:26","guid":{"rendered":"https:\/\/smartsolution.rs\/?post_type=product&#038;p=504"},"modified":"2023-03-15T23:03:00","modified_gmt":"2023-03-15T23:03:00","slug":"powerswitch-wm-2-m","status":"publish","type":"product","link":"https:\/\/seshome.me\/en\/product\/powerswitch-wm-2-m\/","title":{"rendered":"Smart Wi-Fi curtains Powerswitch-WM (2m) ("},"content":{"rendered":"<p>Curtains and draperies are the ideal solution for providing the necessary privacy, stopping the passage of light and heat, but also giving a personal signature to the interior. A step further in functionality and beautification of the interior is offered by our smart curtains. Assembled, adjustable length (up to 8.2m) with curved or straight shape, curtains that you can even control via the app, have now become the ideal timeless choice that will give your home the possibility of a maximalist touch.<\/p>","protected":false},"excerpt":{"rendered":"<p>Zavese i draperije su idealno re\u0161enje za obezbe\u0111ivanje neophodne privatnosti, stopiranju prolaska svetlosti i toplote, ali i davanja li\u010dnog potpisa enterijeru. Korak dalje u funkcionalnosti i ulep\u0161avanju enterijera nude na\u0161e pametne garni\u0161ne. Monta\u017ene, prilagodljive du\u017eine (do 8,2m) sa zakrivljenim ili pravim oblikom, garni\u0161ne kojima mo\u017eete upravljati \u010dak i preko aplikacije, sada su postale idealan vanvremenski [&hellip;]<\/p>","protected":false},"featured_media":506,"comment_status":"open","ping_status":"closed","template":"","meta":{"_acf_changed":false,"_et_pb_use_builder":"","_et_pb_old_content":"","_et_gb_content_width":"","inline_featured_image":false},"product_brand":[],"product_cat":[262,260],"product_tag":[],"class_list":{"0":"post-504","1":"product","2":"type-product","3":"status-publish","4":"has-post-thumbnail","6":"product_cat-pametne-zavese","7":"product_cat-udoban-prostor","9":"first","10":"instock","11":"shipping-taxable","12":"purchasable","13":"product-type-simple","14":"add-to-wishlist-before_image"},"acf":[],"_links":{"self":[{"href":"https:\/\/seshome.me\/en\/wp-json\/wp\/v2\/product\/504","targetHints":{"allow":["GET"]}}],"collection":[{"href":"https:\/\/seshome.me\/en\/wp-json\/wp\/v2\/product"}],"about":[{"href":"https:\/\/seshome.me\/en\/wp-json\/wp\/v2\/types\/product"}],"replies":[{"embeddable":true,"href":"https:\/\/seshome.me\/en\/wp-json\/wp\/v2\/comments?post=504"}],"wp:featuredmedia":[{"embeddable":true,"href":"https:\/\/seshome.me\/en\/wp-json\/wp\/v2\/media\/506"}],"wp:attachment":[{"href":"https:\/\/seshome.me\/en\/wp-json\/wp\/v2\/media?parent=504"}],"wp:term":[{"taxonomy":"product_brand","embeddable":true,"href":"https:\/\/seshome.me\/en\/wp-json\/wp\/v2\/product_brand?post=504"},{"taxonomy":"product_cat","embeddable":true,"href":"https:\/\/seshome.me\/en\/wp-json\/wp\/v2\/product_cat?post=504"},{"taxonomy":"product_tag","embeddable":true,"href":"https:\/\/seshome.me\/en\/wp-json\/wp\/v2\/product_tag?post=504"}],"curies":[{"name":"wp","href":"https:\/\/api.w.org\/{rel}","templated":true}]}}