{"id":689,"date":"2022-06-12T19:15:29","date_gmt":"2022-06-12T19:15:29","guid":{"rendered":"https:\/\/smartsolution.rs\/?post_type=product&#038;p=689"},"modified":"2023-03-15T22:14:38","modified_gmt":"2023-03-15T22:14:38","slug":"powernet-thbbulbs","status":"publish","type":"product","link":"https:\/\/seshome.me\/en\/product\/powernet-thbbulbs\/","title":{"rendered":"Outdoor garden lamp (bulbs) Powernet-THB(bulbs)"},"content":{"rendered":"<p>A new glow for your yard or terrace through a fascinating combination of practicality and aesthetic effectiveness. Thanks to the full RGB spectrum and the presence of directed or diffused light (depending on the model), you can create your own magical place to escape from everyday life or spend time with family and friends. Outdoor lighting has also won the hearts of those who live in apartments, because now there is a large selection and the possibility of adjusting colors, brightness and color temperature according to your current mood and on the smallest terrace. With a smart lamp, you can now create your own little oasis where you can snuggle up AND feel happy AND safe!<\/p>","protected":false},"excerpt":{"rendered":"<p>Novi sjaj za va\u0161e dvori\u0161te ili terasu kroz fascinantan spoj prakti\u010dnosti i estetske efektnosti. Zahvaljujuc\u0301i punom RGB spektru i prisustvu usmerenog ili difuznog svetla (u zavisnosti od modela), mo\u017eete stvoriti svoje \u010darobno mesto za beg od svakodnevice ili dru\u017eenje sa porodicom I prijateljima. Spoljna rasveta osvojila je simpatije I onih koji \u017eive u stanovima, jer [&hellip;]<\/p>","protected":false},"featured_media":3250,"comment_status":"open","ping_status":"closed","template":"","meta":{"_acf_changed":false,"_et_pb_use_builder":"","_et_pb_old_content":"","_et_gb_content_width":"","inline_featured_image":false},"product_brand":[],"product_cat":[255,259],"product_tag":[],"class_list":{"0":"post-689","1":"product","2":"type-product","3":"status-publish","4":"has-post-thumbnail","6":"product_cat-kontrola-svetla","7":"product_cat-pametne-lampe-i-reflektori","9":"first","10":"instock","11":"shipping-taxable","12":"purchasable","13":"product-type-simple","14":"add-to-wishlist-before_image"},"acf":[],"_links":{"self":[{"href":"https:\/\/seshome.me\/en\/wp-json\/wp\/v2\/product\/689","targetHints":{"allow":["GET"]}}],"collection":[{"href":"https:\/\/seshome.me\/en\/wp-json\/wp\/v2\/product"}],"about":[{"href":"https:\/\/seshome.me\/en\/wp-json\/wp\/v2\/types\/product"}],"replies":[{"embeddable":true,"href":"https:\/\/seshome.me\/en\/wp-json\/wp\/v2\/comments?post=689"}],"wp:featuredmedia":[{"embeddable":true,"href":"https:\/\/seshome.me\/en\/wp-json\/wp\/v2\/media\/3250"}],"wp:attachment":[{"href":"https:\/\/seshome.me\/en\/wp-json\/wp\/v2\/media?parent=689"}],"wp:term":[{"taxonomy":"product_brand","embeddable":true,"href":"https:\/\/seshome.me\/en\/wp-json\/wp\/v2\/product_brand?post=689"},{"taxonomy":"product_cat","embeddable":true,"href":"https:\/\/seshome.me\/en\/wp-json\/wp\/v2\/product_cat?post=689"},{"taxonomy":"product_tag","embeddable":true,"href":"https:\/\/seshome.me\/en\/wp-json\/wp\/v2\/product_tag?post=689"}],"curies":[{"name":"wp","href":"https:\/\/api.w.org\/{rel}","templated":true}]}}