{"id":698,"date":"2022-06-12T20:14:21","date_gmt":"2022-06-12T20:14:21","guid":{"rendered":"https:\/\/smartsolution.rs\/?post_type=product&#038;p=698"},"modified":"2023-03-15T23:42:06","modified_gmt":"2023-03-15T23:42:06","slug":"powerlight-l-12","status":"publish","type":"product","link":"https:\/\/seshome.me\/en\/product\/powerlight-l-12\/","title":{"rendered":"Smart Wi-Fi RGB lamp 12W E27 Powerlight-L"},"content":{"rendered":"<p>Osvetljenje je za sve nas neophodna stvar u kuci, kancelariji, vrticu, \u0161koli, parki\u0107u&#8230; Jednom re\u010dju- \u017eivot bez ostvetljenja se ne mo\u017ee zamisliti&#8230; Medjutim, do sada je to bila potreba \u017eivljenja, a sada uz pametnu rasvetu- to postaje na\u010din \u017eivljenja! Osvetljenje kao na\u010din kontrole sigurnosti Va\u0161eg doma i Va\u0161e porodice kroz daljinsko upravljanje rasvetom, automatizaciju i pode\u0161avanje rasporeda\/tajmera koji mo\u017ee spre\u010diti ne\u017eeljeni upad u Va\u0161 dom, \u010dak i kada ste na drugom kraju sveta&#8230; Osvetljenje kao na\u010din zabave- podesite savr\u0161eno osvetljenje dok gledate svoj omiljeni film ili u\u017eivate u zabavi sa prijateljima povodom Va\u0161eg ro\u0111endana&#8230; Osvetljenje kao na\u010din komunikacije- podesite savr\u0161eno osvetljenje dok odmarate sa Vama dragom osobom&#8230; Osvetljenje kao na\u010din u\u0161tede- ne morate menjati boju zidova ili kupovati skupe slike- jednostavno se sada poigrajte bojama svog osvetljenja i kreirajte sebi siguran i udoban dom za Vas i celu Va\u0161u porodicu! Pametne sijalice razli\u010dite snage i veli\u010dina nude 16 miliona dostupnih boja I 256 nivoa osvetljenosti, tako da sada jedino pravilo jeste da nema pravila! Pome\u0161ajte boje, sinhronizujte ih sa muzikom, sipajte svoje omiljeno pi\u0107e I u\u017eivajte!<\/p>\n<p><iframe loading=\"lazy\" title=\"Pametna LED sijalica\" width=\"1080\" height=\"608\" src=\"https:\/\/www.youtube.com\/embed\/5wS3rxBW0Wc?feature=oembed\"  allow=\"accelerometer; autoplay; clipboard-write; encrypted-media; gyroscope; picture-in-picture; web-share\" allowfullscreen><\/iframe><\/p>","protected":false},"excerpt":{"rendered":"<p>Osvetljenje je za sve nas neophodna stvar u kuci, kancelariji, vrticu, \u0161koli, parki\u0107u&#8230; Jednom re\u010dju- \u017eivot bez ostvetljenja se ne mo\u017ee zamisliti&#8230; Medjutim, do sada je to bila potreba \u017eivljenja, a sada uz pametnu rasvetu- to postaje na\u010din \u017eivljenja! Osvetljenje kao na\u010din kontrole sigurnosti Va\u0161eg doma i Va\u0161e porodice kroz daljinsko upravljanje rasvetom, automatizaciju i [&hellip;]<\/p>","protected":false},"featured_media":3309,"comment_status":"open","ping_status":"closed","template":"","meta":{"_acf_changed":false,"_et_pb_use_builder":"","_et_pb_old_content":"","_et_gb_content_width":"","inline_featured_image":false},"product_brand":[],"product_cat":[255,257],"product_tag":[],"class_list":{"0":"post-698","1":"product","2":"type-product","3":"status-publish","4":"has-post-thumbnail","6":"product_cat-kontrola-svetla","7":"product_cat-pametne-rgb-lampe","9":"first","10":"instock","11":"shipping-taxable","12":"purchasable","13":"product-type-simple","14":"add-to-wishlist-before_image"},"acf":[],"_links":{"self":[{"href":"https:\/\/seshome.me\/en\/wp-json\/wp\/v2\/product\/698","targetHints":{"allow":["GET"]}}],"collection":[{"href":"https:\/\/seshome.me\/en\/wp-json\/wp\/v2\/product"}],"about":[{"href":"https:\/\/seshome.me\/en\/wp-json\/wp\/v2\/types\/product"}],"replies":[{"embeddable":true,"href":"https:\/\/seshome.me\/en\/wp-json\/wp\/v2\/comments?post=698"}],"wp:featuredmedia":[{"embeddable":true,"href":"https:\/\/seshome.me\/en\/wp-json\/wp\/v2\/media\/3309"}],"wp:attachment":[{"href":"https:\/\/seshome.me\/en\/wp-json\/wp\/v2\/media?parent=698"}],"wp:term":[{"taxonomy":"product_brand","embeddable":true,"href":"https:\/\/seshome.me\/en\/wp-json\/wp\/v2\/product_brand?post=698"},{"taxonomy":"product_cat","embeddable":true,"href":"https:\/\/seshome.me\/en\/wp-json\/wp\/v2\/product_cat?post=698"},{"taxonomy":"product_tag","embeddable":true,"href":"https:\/\/seshome.me\/en\/wp-json\/wp\/v2\/product_tag?post=698"}],"curies":[{"name":"wp","href":"https:\/\/api.w.org\/{rel}","templated":true}]}}