{"id":730,"date":"2022-06-13T08:01:10","date_gmt":"2022-06-13T08:01:10","guid":{"rendered":"https:\/\/smartsolution.rs\/?post_type=product&#038;p=730"},"modified":"2023-02-28T01:23:57","modified_gmt":"2023-02-28T01:23:57","slug":"powerlight-m3","status":"publish","type":"product","link":"https:\/\/seshome.me\/en\/product\/powerlight-m3\/","title":{"rendered":"Smart wireless WI-FI switch 3 buttons Powerlight-M3"},"content":{"rendered":"<p><iframe loading=\"lazy\" title=\"PAMETNI BE\u017dI\u010cNI PREKIDA\u010c\" width=\"1080\" height=\"608\" src=\"https:\/\/www.youtube.com\/embed\/tQVA0w5vCVU?feature=oembed\"  allow=\"accelerometer; autoplay; clipboard-write; encrypted-media; gyroscope; picture-in-picture; web-share\" allowfullscreen><\/iframe><\/p>","protected":false},"excerpt":{"rendered":"","protected":false},"featured_media":3331,"comment_status":"open","ping_status":"closed","template":"","meta":{"_acf_changed":false,"_et_pb_use_builder":"","_et_pb_old_content":"","_et_gb_content_width":"","inline_featured_image":false},"product_brand":[],"product_cat":[255,256],"product_tag":[],"class_list":{"0":"post-730","1":"product","2":"type-product","3":"status-publish","4":"has-post-thumbnail","6":"product_cat-kontrola-svetla","7":"product_cat-pametni-prekidaci","9":"first","10":"instock","11":"shipping-taxable","12":"purchasable","13":"product-type-variable","14":"add-to-wishlist-before_image"},"acf":[],"_links":{"self":[{"href":"https:\/\/seshome.me\/en\/wp-json\/wp\/v2\/product\/730","targetHints":{"allow":["GET"]}}],"collection":[{"href":"https:\/\/seshome.me\/en\/wp-json\/wp\/v2\/product"}],"about":[{"href":"https:\/\/seshome.me\/en\/wp-json\/wp\/v2\/types\/product"}],"replies":[{"embeddable":true,"href":"https:\/\/seshome.me\/en\/wp-json\/wp\/v2\/comments?post=730"}],"wp:featuredmedia":[{"embeddable":true,"href":"https:\/\/seshome.me\/en\/wp-json\/wp\/v2\/media\/3331"}],"wp:attachment":[{"href":"https:\/\/seshome.me\/en\/wp-json\/wp\/v2\/media?parent=730"}],"wp:term":[{"taxonomy":"product_brand","embeddable":true,"href":"https:\/\/seshome.me\/en\/wp-json\/wp\/v2\/product_brand?post=730"},{"taxonomy":"product_cat","embeddable":true,"href":"https:\/\/seshome.me\/en\/wp-json\/wp\/v2\/product_cat?post=730"},{"taxonomy":"product_tag","embeddable":true,"href":"https:\/\/seshome.me\/en\/wp-json\/wp\/v2\/product_tag?post=730"}],"curies":[{"name":"wp","href":"https:\/\/api.w.org\/{rel}","templated":true}]}}