{"id":738,"date":"2022-06-13T08:19:06","date_gmt":"2022-06-13T08:19:06","guid":{"rendered":"https:\/\/smartsolution.rs\/?post_type=product&#038;p=738"},"modified":"2023-03-16T01:07:23","modified_gmt":"2023-03-16T01:07:23","slug":"powerswitch-a20-2","status":"publish","type":"product","link":"https:\/\/seshome.me\/en\/product\/powerswitch-a20-2\/","title":{"rendered":"Smart fuse-switch 20A (2 poles) Powerswitch-A20 (2)"},"content":{"rendered":"<p>Smart machines are installed in the electrical panel instead of conventional machines on a DIN rail. They turn on\/off the 220V line manually, by command from the application, according to the schedule, by the signal of certain sensors or depending on the weather conditions. They allow you to control line power from anywhere in the world (provided there is an internet connection). In addition, the smart machine enables control of electricity consumption and viewing of consumption statistics. A servo drive is installed that allows you to remotely turn on \/ off the automatic machine both through the application and with the help of a voice assistant.<\/p>\n<p><iframe loading=\"lazy\" title=\"Pametne automatski osigurac\" width=\"1080\" height=\"608\" src=\"https:\/\/www.youtube.com\/embed\/--CmQ8jQlMs?feature=oembed\"  allow=\"accelerometer; autoplay; clipboard-write; encrypted-media; gyroscope; picture-in-picture; web-share\" allowfullscreen><\/iframe><\/p>","protected":false},"excerpt":{"rendered":"<p>Pametne ma\u0161ine se ugra\u0111uju u elektri\u010dnu plo\u010du umesto konvencionalnih ma\u0161ina na DIN \u0161inu. Uklju\u010duju\/isklju\u010duju liniju 220V ru\u010dno, po komandi iz aplikacije, prema rasporedu, signalom odre\u0111enih senzora ili u zavisnosti od vremenskih uslova. Oni vam omoguc\u0301avaju da kontroli\u0161ete napajanje linije sa bilo kog mesta na svetu (da postoji internet veza). Pored toga, pametna ma\u0161ina omoguc\u0301ava kontrolu [&hellip;]<\/p>","protected":false},"featured_media":3393,"comment_status":"open","ping_status":"closed","template":"","meta":{"_acf_changed":false,"_et_pb_use_builder":"","_et_pb_old_content":"","_et_gb_content_width":"","inline_featured_image":false},"product_brand":[],"product_cat":[253],"product_tag":[],"class_list":{"0":"post-738","1":"product","2":"type-product","3":"status-publish","4":"has-post-thumbnail","6":"product_cat-elektricna-energija","8":"first","9":"instock","10":"shipping-taxable","11":"purchasable","12":"product-type-simple","13":"add-to-wishlist-before_image"},"acf":[],"_links":{"self":[{"href":"https:\/\/seshome.me\/en\/wp-json\/wp\/v2\/product\/738","targetHints":{"allow":["GET"]}}],"collection":[{"href":"https:\/\/seshome.me\/en\/wp-json\/wp\/v2\/product"}],"about":[{"href":"https:\/\/seshome.me\/en\/wp-json\/wp\/v2\/types\/product"}],"replies":[{"embeddable":true,"href":"https:\/\/seshome.me\/en\/wp-json\/wp\/v2\/comments?post=738"}],"wp:featuredmedia":[{"embeddable":true,"href":"https:\/\/seshome.me\/en\/wp-json\/wp\/v2\/media\/3393"}],"wp:attachment":[{"href":"https:\/\/seshome.me\/en\/wp-json\/wp\/v2\/media?parent=738"}],"wp:term":[{"taxonomy":"product_brand","embeddable":true,"href":"https:\/\/seshome.me\/en\/wp-json\/wp\/v2\/product_brand?post=738"},{"taxonomy":"product_cat","embeddable":true,"href":"https:\/\/seshome.me\/en\/wp-json\/wp\/v2\/product_cat?post=738"},{"taxonomy":"product_tag","embeddable":true,"href":"https:\/\/seshome.me\/en\/wp-json\/wp\/v2\/product_tag?post=738"}],"curies":[{"name":"wp","href":"https:\/\/api.w.org\/{rel}","templated":true}]}}