{"id":751,"date":"2022-06-13T08:49:48","date_gmt":"2022-06-13T08:49:48","guid":{"rendered":"https:\/\/smartsolution.rs\/?post_type=product&#038;p=751"},"modified":"2023-03-15T23:59:27","modified_gmt":"2023-03-15T23:59:27","slug":"powerswitch-luxe","status":"publish","type":"product","link":"https:\/\/seshome.me\/en\/product\/powerswitch-luxe\/","title":{"rendered":"Smart Wi-Fi socket with consumption measurement Powerswitch-luxe"},"content":{"rendered":"<p>The Wi-Fi smart socket not only allows you to remotely control the power supply, determine the voltage and load, but also issues reports on energy consumption. Any device connected to the smart socket can be turned on \/ off via the app or by sensor command. In addition, you can set the on \/ off schedule: this is very convenient for devices such as humidifiers, fans, night lights \/ lamps, aquarium devices. The LED indicator will allow you to easily find the outlet in the dark.<\/p>\n<p><iframe loading=\"lazy\" title=\"PAMETNA UTI\u010cNICA\" width=\"1080\" height=\"608\" src=\"https:\/\/www.youtube.com\/embed\/uOmLoIlIztw?feature=oembed\"  allow=\"accelerometer; autoplay; clipboard-write; encrypted-media; gyroscope; picture-in-picture; web-share\" allowfullscreen><\/iframe><\/p>","protected":false},"excerpt":{"rendered":"<p>Pametna Vi-Fi uti\u010dnica ne samo da vam omoguc\u0301ava da daljinski kontroli\u0161ete napajanje, odre\u0111uje napon i opterec\u0301enje, vec\u0301 i izdaje izve\u0161taje o potro\u0161nji energije. Bilo koji ure\u0111aj povezan na pametnu uti\u010dnicu mo\u017ee se uklju\u010diti \/ isklju\u010diti preko aplikacije ili komandom senzora. Pored toga, mo\u017eete podesiti raspored uklju\u010divanja \/ isklju\u010divanja: ovo je veoma zgodno za ure\u0111aje kao [&hellip;]<\/p>","protected":false},"featured_media":3381,"comment_status":"open","ping_status":"closed","template":"","meta":{"_acf_changed":false,"_et_pb_use_builder":"","_et_pb_old_content":"","_et_gb_content_width":"","inline_featured_image":false},"product_brand":[],"product_cat":[253],"product_tag":[],"class_list":{"0":"post-751","1":"product","2":"type-product","3":"status-publish","4":"has-post-thumbnail","6":"product_cat-elektricna-energija","8":"first","9":"instock","10":"shipping-taxable","11":"purchasable","12":"product-type-simple","13":"add-to-wishlist-before_image"},"acf":[],"_links":{"self":[{"href":"https:\/\/seshome.me\/en\/wp-json\/wp\/v2\/product\/751","targetHints":{"allow":["GET"]}}],"collection":[{"href":"https:\/\/seshome.me\/en\/wp-json\/wp\/v2\/product"}],"about":[{"href":"https:\/\/seshome.me\/en\/wp-json\/wp\/v2\/types\/product"}],"replies":[{"embeddable":true,"href":"https:\/\/seshome.me\/en\/wp-json\/wp\/v2\/comments?post=751"}],"wp:featuredmedia":[{"embeddable":true,"href":"https:\/\/seshome.me\/en\/wp-json\/wp\/v2\/media\/3381"}],"wp:attachment":[{"href":"https:\/\/seshome.me\/en\/wp-json\/wp\/v2\/media?parent=751"}],"wp:term":[{"taxonomy":"product_brand","embeddable":true,"href":"https:\/\/seshome.me\/en\/wp-json\/wp\/v2\/product_brand?post=751"},{"taxonomy":"product_cat","embeddable":true,"href":"https:\/\/seshome.me\/en\/wp-json\/wp\/v2\/product_cat?post=751"},{"taxonomy":"product_tag","embeddable":true,"href":"https:\/\/seshome.me\/en\/wp-json\/wp\/v2\/product_tag?post=751"}],"curies":[{"name":"wp","href":"https:\/\/api.w.org\/{rel}","templated":true}]}}