{"id":808,"date":"2022-06-14T11:38:24","date_gmt":"2022-06-14T11:38:24","guid":{"rendered":"https:\/\/smartsolution.rs\/?post_type=product&#038;p=808"},"modified":"2023-03-15T23:01:52","modified_gmt":"2023-03-15T23:01:52","slug":"powernet-ir","status":"publish","type":"product","link":"https:\/\/seshome.me\/en\/product\/powernet-ir\/","title":{"rendered":"Smart Wi-Fi Remote Controller (IR\/RF) Powernet-IR"},"content":{"rendered":"<p>&#8211; Omoguc\u0301ava vam da kontroli\u0161ete bilo koji kuc\u0301ni aparat: Klima ure\u0111aja, TV, Roletne, Ventilator, Svetlo, RF-prekida\u010d i drugi ure\u0111aji;<\/p>\n<p>&#8211; \u0160alje signale od 360 stepeni i nema mrtve ta\u010dke.<\/p>\n<p>&nbsp;<\/p>\n<p><iframe loading=\"lazy\" title=\"Univerzalni IR daljinski upravljac\" width=\"1080\" height=\"608\" src=\"https:\/\/www.youtube.com\/embed\/GjxQ6KYZAQA?feature=oembed\"  allow=\"accelerometer; autoplay; clipboard-write; encrypted-media; gyroscope; picture-in-picture; web-share\" allowfullscreen><\/iframe><\/p>","protected":false},"excerpt":{"rendered":"<p>&#8211; Omoguc\u0301ava vam da kontroli\u0161ete bilo koji kuc\u0301ni aparat: Klima ure\u0111aja, TV, Roletne, Ventilator, Svetlo, RF-prekida\u010d i drugi ure\u0111aji; &#8211; \u0160alje signale od 360 stepeni i nema mrtve ta\u010dke. &nbsp;<\/p>","protected":false},"featured_media":3373,"comment_status":"open","ping_status":"closed","template":"","meta":{"_acf_changed":false,"_et_pb_use_builder":"","_et_pb_old_content":"","_et_gb_content_width":"","inline_featured_image":false},"product_brand":[],"product_cat":[261,260],"product_tag":[],"class_list":{"0":"post-808","1":"product","2":"type-product","3":"status-publish","4":"has-post-thumbnail","6":"product_cat-pametna-klima-i-uredaji-za-kontrolu","7":"product_cat-udoban-prostor","9":"first","10":"instock","11":"shipping-taxable","12":"purchasable","13":"product-type-simple","14":"add-to-wishlist-before_image"},"acf":[],"_links":{"self":[{"href":"https:\/\/seshome.me\/en\/wp-json\/wp\/v2\/product\/808","targetHints":{"allow":["GET"]}}],"collection":[{"href":"https:\/\/seshome.me\/en\/wp-json\/wp\/v2\/product"}],"about":[{"href":"https:\/\/seshome.me\/en\/wp-json\/wp\/v2\/types\/product"}],"replies":[{"embeddable":true,"href":"https:\/\/seshome.me\/en\/wp-json\/wp\/v2\/comments?post=808"}],"wp:featuredmedia":[{"embeddable":true,"href":"https:\/\/seshome.me\/en\/wp-json\/wp\/v2\/media\/3373"}],"wp:attachment":[{"href":"https:\/\/seshome.me\/en\/wp-json\/wp\/v2\/media?parent=808"}],"wp:term":[{"taxonomy":"product_brand","embeddable":true,"href":"https:\/\/seshome.me\/en\/wp-json\/wp\/v2\/product_brand?post=808"},{"taxonomy":"product_cat","embeddable":true,"href":"https:\/\/seshome.me\/en\/wp-json\/wp\/v2\/product_cat?post=808"},{"taxonomy":"product_tag","embeddable":true,"href":"https:\/\/seshome.me\/en\/wp-json\/wp\/v2\/product_tag?post=808"}],"curies":[{"name":"wp","href":"https:\/\/api.w.org\/{rel}","templated":true}]}}