{"id":924,"date":"2022-06-15T12:39:21","date_gmt":"2022-06-15T12:39:21","guid":{"rendered":"https:\/\/smartsolution.rs\/?post_type=product&#038;p=924"},"modified":"2023-03-16T00:57:10","modified_gmt":"2023-03-16T00:57:10","slug":"powerswitch-zth","status":"publish","type":"product","link":"https:\/\/seshome.me\/en\/product\/powerswitch-zth\/","title":{"rendered":"Smart temperature and humidity sensor Powerswitch-ZTH"},"content":{"rendered":"<p>&#8211; Pomo\u0107i \u0107e uklju\u010diti grija\u010d kada se ohladi;<br \/>\n&#8211; Prikaza\u0107e temperaturu i vla\u017enost u bilo kom trenutku.<\/p>\n<p><iframe loading=\"lazy\" title=\"SENZOR TEMPERATURE I VLA\u017dNOSTI\" width=\"1080\" height=\"608\" src=\"https:\/\/www.youtube.com\/embed\/LveSaZj4sg4?feature=oembed\"  allow=\"accelerometer; autoplay; clipboard-write; encrypted-media; gyroscope; picture-in-picture; web-share\" allowfullscreen><\/iframe><\/p>","protected":false},"excerpt":{"rendered":"<p>&#8211; Pomo\u0107i \u0107e uklju\u010diti grija\u010d kada se ohladi; &#8211; Prikaza\u0107e temperaturu i vla\u017enost u bilo kom trenutku.<\/p>","protected":false},"featured_media":3388,"comment_status":"open","ping_status":"closed","template":"","meta":{"_acf_changed":false,"_et_pb_use_builder":"","_et_pb_old_content":"","_et_gb_content_width":"","inline_featured_image":false},"product_brand":[],"product_cat":[261,260],"product_tag":[],"class_list":{"0":"post-924","1":"product","2":"type-product","3":"status-publish","4":"has-post-thumbnail","6":"product_cat-pametna-klima-i-uredaji-za-kontrolu","7":"product_cat-udoban-prostor","9":"first","10":"instock","11":"shipping-taxable","12":"purchasable","13":"product-type-simple","14":"add-to-wishlist-before_image"},"acf":[],"_links":{"self":[{"href":"https:\/\/seshome.me\/en\/wp-json\/wp\/v2\/product\/924","targetHints":{"allow":["GET"]}}],"collection":[{"href":"https:\/\/seshome.me\/en\/wp-json\/wp\/v2\/product"}],"about":[{"href":"https:\/\/seshome.me\/en\/wp-json\/wp\/v2\/types\/product"}],"replies":[{"embeddable":true,"href":"https:\/\/seshome.me\/en\/wp-json\/wp\/v2\/comments?post=924"}],"wp:featuredmedia":[{"embeddable":true,"href":"https:\/\/seshome.me\/en\/wp-json\/wp\/v2\/media\/3388"}],"wp:attachment":[{"href":"https:\/\/seshome.me\/en\/wp-json\/wp\/v2\/media?parent=924"}],"wp:term":[{"taxonomy":"product_brand","embeddable":true,"href":"https:\/\/seshome.me\/en\/wp-json\/wp\/v2\/product_brand?post=924"},{"taxonomy":"product_cat","embeddable":true,"href":"https:\/\/seshome.me\/en\/wp-json\/wp\/v2\/product_cat?post=924"},{"taxonomy":"product_tag","embeddable":true,"href":"https:\/\/seshome.me\/en\/wp-json\/wp\/v2\/product_tag?post=924"}],"curies":[{"name":"wp","href":"https:\/\/api.w.org\/{rel}","templated":true}]}}