{"id":932,"date":"2022-06-15T12:53:42","date_gmt":"2022-06-15T12:53:42","guid":{"rendered":"https:\/\/smartsolution.rs\/?post_type=product&#038;p=932"},"modified":"2023-03-16T00:40:22","modified_gmt":"2023-03-16T00:40:22","slug":"k9-5","status":"publish","type":"product","link":"https:\/\/seshome.me\/en\/product\/k9-5\/","title":{"rendered":"Kaadas K9-5"},"content":{"rendered":"<p>Elektronska biometrijska brava Kaadas K9, urezna, sa identifikacijom otiska prsta. Najnovija biometrijska brava sa revolucionarnom Push and Pull tehnologijom otvaranja vrata, i punim spektrom svih potrebnih dodatnih na\u010dina za otvaranje vrata.Kaadas K9 ima odli\u010dan dizajn i pobolj\u0161ac\u0301e status apsolutno svih vrata &#8211; od kancelarije do kuc\u0301e, dok garantujuc\u0301i najvi\u0161i nivo sigurnosti i udobnosti.<\/p>\n<p><iframe loading=\"lazy\" title=\"Elektronska biometrijska brava Kaadas K9\" width=\"1080\" height=\"608\" src=\"https:\/\/www.youtube.com\/embed\/KXZhDQEWr3Y?feature=oembed\"  allow=\"accelerometer; autoplay; clipboard-write; encrypted-media; gyroscope; picture-in-picture; web-share\" allowfullscreen><\/iframe><\/p>","protected":false},"excerpt":{"rendered":"<p>Elektronska biometrijska brava Kaadas K9, urezna, sa identifikacijom otiska prsta. Najnovija biometrijska brava sa revolucionarnom Push and Pull tehnologijom otvaranja vrata, i punim spektrom svih potrebnih dodatnih na\u010dina za otvaranje vrata.Kaadas K9 ima odli\u010dan dizajn i pobolj\u0161ac\u0301e status apsolutno svih vrata &#8211; od kancelarije do kuc\u0301e, dok garantujuc\u0301i najvi\u0161i nivo sigurnosti i udobnosti.<\/p>","protected":false},"featured_media":3387,"comment_status":"open","ping_status":"closed","template":"","meta":{"_acf_changed":false,"_et_pb_use_builder":"","_et_pb_old_content":"","_et_gb_content_width":"","inline_featured_image":false},"product_brand":[],"product_cat":[267,263],"product_tag":[],"class_list":{"0":"post-932","1":"product","2":"type-product","3":"status-publish","4":"has-post-thumbnail","6":"product_cat-digitalne-brave","7":"product_cat-bezbednost","9":"first","10":"instock","11":"shipping-taxable","12":"purchasable","13":"product-type-simple","14":"add-to-wishlist-before_image"},"acf":[],"_links":{"self":[{"href":"https:\/\/seshome.me\/en\/wp-json\/wp\/v2\/product\/932","targetHints":{"allow":["GET"]}}],"collection":[{"href":"https:\/\/seshome.me\/en\/wp-json\/wp\/v2\/product"}],"about":[{"href":"https:\/\/seshome.me\/en\/wp-json\/wp\/v2\/types\/product"}],"replies":[{"embeddable":true,"href":"https:\/\/seshome.me\/en\/wp-json\/wp\/v2\/comments?post=932"}],"wp:featuredmedia":[{"embeddable":true,"href":"https:\/\/seshome.me\/en\/wp-json\/wp\/v2\/media\/3387"}],"wp:attachment":[{"href":"https:\/\/seshome.me\/en\/wp-json\/wp\/v2\/media?parent=932"}],"wp:term":[{"taxonomy":"product_brand","embeddable":true,"href":"https:\/\/seshome.me\/en\/wp-json\/wp\/v2\/product_brand?post=932"},{"taxonomy":"product_cat","embeddable":true,"href":"https:\/\/seshome.me\/en\/wp-json\/wp\/v2\/product_cat?post=932"},{"taxonomy":"product_tag","embeddable":true,"href":"https:\/\/seshome.me\/en\/wp-json\/wp\/v2\/product_tag?post=932"}],"curies":[{"name":"wp","href":"https:\/\/api.w.org\/{rel}","templated":true}]}}