{"id":935,"date":"2022-06-15T13:05:58","date_gmt":"2022-06-15T13:05:58","guid":{"rendered":"https:\/\/smartsolution.rs\/?post_type=product&#038;p=935"},"modified":"2023-03-16T00:39:12","modified_gmt":"2023-03-16T00:39:12","slug":"s500-c5","status":"publish","type":"product","link":"https:\/\/seshome.me\/en\/product\/s500-c5\/","title":{"rendered":"Kaadas S500"},"content":{"rendered":"<p>Karakteristike i funkcije elektronske brave Kaadas S500:<br \/>\nPoluautomatsko zaklju\u010davanje: prilikom zatvaranja vrata potrebno je podic\u0301i kvaku da bi se zaklju\u010dala<br \/>\nNisu potrebni elektri\u010dni radovi jer se brava napaja sa 8 AA baterija sa punjenjem od 1 godine (1 mesec upozorenja o pra\u017enjenju)<br \/>\nMoguc\u0301nost dvostruke autentifikacije: prvo se unosi lozinka i tek onda se \u010dita otisak prsta\/kartica<br \/>\nFunkcija jednokratnog otklju\u010davanja: mo\u017eete odobriti privremeni pristup prostorijama osobama koje nisu uklju\u010dene u listu korisnika<br \/>\nOpremljen sa vi\u0161enamjenskim otklju\u010davanjem vrata: &#8211; skeniranje otiska prsta (pamti do 100 otisaka prstiju)<br \/>\n&#8211; kori\u0161c\u0301enje digitalne lozinke (pamti do 10 kodova)<br \/>\n\u2013 kori\u0161c\u0301enje posebnih kartica (uklju\u010dene 2 mini-magnetne kartice, skladi\u0161te do 100 magnetnih kartica)<br \/>\n&#8211; Bluetooth veza sa mobilnim ure\u0111ajem<br \/>\n&#8211; uz pomoc\u0301 specijalnog mehani\u010dkog (koristi se za hitno otvaranje vrata). Univerzalno: pogodno za vrata sa levim i desnim smerom otvaranja; mo\u017ee se ugraditi i na vrata debljine do 90 mm (opciono)<br \/>\nPode\u0161avanje nivoa zvuka upozorenja (mo\u017ee se isklju\u010diti ako je potrebno)<br \/>\nGlavna lozinka: vlasnik ima moguc\u0301nost da izbri\u0161e\/registruje otiske prstiju, magnetne kartice i kodove (uklju\u010dujuc\u0301i dodeljivanje jednokratnih kodova za goste)<br \/>\nFunkcija &#8220;Noc\u0301no zaklju\u010davanje&#8221;: brava se mo\u017ee zaklju\u010dati iznutra da bi se otvorila i nec\u0301e biti moguc\u0301e otvoriti je spolja ni otiskom prsta, karticom ili kodom (otvara se samo mehani\u010dkim klju\u010dem)<br \/>\nVisoka bezbednost: &#8211; za\u0161tita lozinkom: pre ili posle unosa koda, mo\u017eete uneti bilo koje nasumi\u010dne brojeve, \u010dime c\u0301ete sakriti pravi pristupni kod.<br \/>\n&#8211; brava c\u0301e biti blokirana 3 minuta ako se lozinka \/ otisak prsta unese pogre\u0161no 5 puta<br \/>\n&#8211; funkcija hitnog povezivanja dodatnog napajanja (u slu\u010daju neblagovremene zamene baterija) omoguc\u0301ava vam da koristite USB kabl za otvaranje brave<br \/>\n&#8211; brava za decu: ako dete poku\u0161a da otvori vrata iznutra, ona c\u0301e ostati zaklju\u010dana<\/p>\n<p><iframe loading=\"lazy\" title=\"Elektronska biometrijska brava Kaadas S500\" width=\"1080\" height=\"608\" src=\"https:\/\/www.youtube.com\/embed\/YioA63FkdA4?feature=oembed\"  allow=\"accelerometer; autoplay; clipboard-write; encrypted-media; gyroscope; picture-in-picture; web-share\" allowfullscreen><\/iframe><\/p>","protected":false},"excerpt":{"rendered":"<p>Kaadas S500 je elektronska urezna brava sa otklju\u010davanjem otiskom prsta, PIN-om, RF karticom ili mehani\u010dkim klju\u010dem. Kuc\u0301i\u0161te Kaadas S500 ima ugra\u0111eni Bluetooth modul, pomoc\u0301u kojeg tako\u0111e mo\u017eemo da otvorimo bravu pomoc\u0301u na\u0161eg pametnog telefona. Da li ste navikli da imate kontrolu i samopouzdanje u svakom potezu? Onda je ova pametna brava za vrata napravljena za vas.<\/p>","protected":false},"featured_media":3386,"comment_status":"open","ping_status":"closed","template":"","meta":{"_acf_changed":false,"_et_pb_use_builder":"","_et_pb_old_content":"","_et_gb_content_width":"","inline_featured_image":false},"product_brand":[],"product_cat":[267,263],"product_tag":[],"class_list":{"0":"post-935","1":"product","2":"type-product","3":"status-publish","4":"has-post-thumbnail","6":"product_cat-digitalne-brave","7":"product_cat-bezbednost","9":"first","10":"instock","11":"shipping-taxable","12":"purchasable","13":"product-type-simple","14":"add-to-wishlist-before_image"},"acf":[],"_links":{"self":[{"href":"https:\/\/seshome.me\/en\/wp-json\/wp\/v2\/product\/935","targetHints":{"allow":["GET"]}}],"collection":[{"href":"https:\/\/seshome.me\/en\/wp-json\/wp\/v2\/product"}],"about":[{"href":"https:\/\/seshome.me\/en\/wp-json\/wp\/v2\/types\/product"}],"replies":[{"embeddable":true,"href":"https:\/\/seshome.me\/en\/wp-json\/wp\/v2\/comments?post=935"}],"wp:featuredmedia":[{"embeddable":true,"href":"https:\/\/seshome.me\/en\/wp-json\/wp\/v2\/media\/3386"}],"wp:attachment":[{"href":"https:\/\/seshome.me\/en\/wp-json\/wp\/v2\/media?parent=935"}],"wp:term":[{"taxonomy":"product_brand","embeddable":true,"href":"https:\/\/seshome.me\/en\/wp-json\/wp\/v2\/product_brand?post=935"},{"taxonomy":"product_cat","embeddable":true,"href":"https:\/\/seshome.me\/en\/wp-json\/wp\/v2\/product_cat?post=935"},{"taxonomy":"product_tag","embeddable":true,"href":"https:\/\/seshome.me\/en\/wp-json\/wp\/v2\/product_tag?post=935"}],"curies":[{"name":"wp","href":"https:\/\/api.w.org\/{rel}","templated":true}]}}