{"id":937,"date":"2022-06-15T13:37:27","date_gmt":"2022-06-15T13:37:27","guid":{"rendered":"https:\/\/smartsolution.rs\/?post_type=product&#038;p=937"},"modified":"2023-03-15T22:52:49","modified_gmt":"2023-03-15T22:52:49","slug":"c3wn-1080p-2-8mm","status":"publish","type":"product","link":"https:\/\/seshome.me\/en\/product\/c3wn-1080p-2-8mm\/","title":{"rendered":"EZVIZ C3WN 1080P (2.8mm)"},"content":{"rendered":"<p>External Full HD camera with Wi-Fi connection. The IP camera is IP66 water and dust resistant and can easily withstand bad weather conditions. Its operating temperature range is from -30 to +60 \u00b0C. For working in the dark, a night recording function is provided using infrared lighting, the effective range of which is 30 meters. The camera records movement in the frame and, in case of danger, will immediately give an alarm signal via the mobile application. The camera is compatible with MicroSD memory cards up to 128 GB.<\/p>","protected":false},"excerpt":{"rendered":"<p>Spoljna Full HD kamera sa Wi-Fi vezom. IP kamera je IP66 otporna na vodu i pra\u0161inu i lako mo\u017ee da izdr\u017ei lo\u0161e vremenske uslove. Opseg radne temperature mu je od -30 do +60 S\u00b0. Za rad u mraku obezbe\u0111ena je funkcija noc\u0301nog snimanja pomoc\u0301u infracrvenog osvetljenja, \u010diji je efektivni domet 30 metara. Kamera snima kretanje [&hellip;]<\/p>","protected":false},"featured_media":3367,"comment_status":"open","ping_status":"closed","template":"","meta":{"_acf_changed":false,"_et_pb_use_builder":"","_et_pb_old_content":"","_et_gb_content_width":"","inline_featured_image":false},"product_brand":[],"product_cat":[265,263],"product_tag":[],"class_list":{"0":"post-937","1":"product","2":"type-product","3":"status-publish","4":"has-post-thumbnail","6":"product_cat-pametne-video-kamere","7":"product_cat-bezbednost","9":"first","10":"instock","11":"shipping-taxable","12":"purchasable","13":"product-type-simple","14":"add-to-wishlist-before_image"},"acf":[],"_links":{"self":[{"href":"https:\/\/seshome.me\/en\/wp-json\/wp\/v2\/product\/937","targetHints":{"allow":["GET"]}}],"collection":[{"href":"https:\/\/seshome.me\/en\/wp-json\/wp\/v2\/product"}],"about":[{"href":"https:\/\/seshome.me\/en\/wp-json\/wp\/v2\/types\/product"}],"replies":[{"embeddable":true,"href":"https:\/\/seshome.me\/en\/wp-json\/wp\/v2\/comments?post=937"}],"wp:featuredmedia":[{"embeddable":true,"href":"https:\/\/seshome.me\/en\/wp-json\/wp\/v2\/media\/3367"}],"wp:attachment":[{"href":"https:\/\/seshome.me\/en\/wp-json\/wp\/v2\/media?parent=937"}],"wp:term":[{"taxonomy":"product_brand","embeddable":true,"href":"https:\/\/seshome.me\/en\/wp-json\/wp\/v2\/product_brand?post=937"},{"taxonomy":"product_cat","embeddable":true,"href":"https:\/\/seshome.me\/en\/wp-json\/wp\/v2\/product_cat?post=937"},{"taxonomy":"product_tag","embeddable":true,"href":"https:\/\/seshome.me\/en\/wp-json\/wp\/v2\/product_tag?post=937"}],"curies":[{"name":"wp","href":"https:\/\/api.w.org\/{rel}","templated":true}]}}